{"id":976,"date":"2013-07-14T17:52:11","date_gmt":"2013-07-14T14:52:11","guid":{"rendered":"https:\/\/staging.teutsch.ro\/?page_id=976"},"modified":"2024-08-14T10:46:32","modified_gmt":"2024-08-14T07:46:32","slug":"biserica-sf-ioan-ecumenism","status":"publish","type":"page","link":"https:\/\/teutsch.ro\/ro\/biserica-sf-ioan-ecumenism\/","title":{"rendered":"Biserica Sf. Ioan &#038; Ecumenism"},"content":{"rendered":"\n<div class=\"wp-block-columns is-layout-flex wp-container-core-columns-is-layout-9d6595d7 wp-block-columns-is-layout-flex\">\n<div class=\"wp-block-column is-layout-flow wp-block-column-is-layout-flow\" style=\"flex-basis:66.66%\">\n<h1 class=\"wp-block-heading\">L\u0103ca\u015f de reculegere \u015fi de art\u0103 sacral\u0103<\/h1>\n\n\n\n<p>Biserica evanghelic\u0103 Sf. Ioan din Sibiu (Johanniskirche) este unul din l\u0103ca\u015fele de cult mai noi ale B.E.R. \u00cen toamna anului 2012 au fost s\u0103rb\u0103tori\u0163i \u2018de abia\u2019 100 de ani de la sfin\u0163irea acestei biserici. In anul 2005, biserica a fost renovat\u0103. \u00cencep\u00e2nd cu s\u0103rb\u0103toarea Pa\u015ftelui \u00een 2012, aici se \u0163in slujbele duminicale principale ale comunit\u0103\u0163ii evanghelice din Sibiu, Catedrala evanghelic\u0103 din Pia\u0163a Huet fiind \u00eenchis\u0103 pentru renovare.<\/p>\n\n\n\n<div style=\"height:10px\" aria-hidden=\"true\" class=\"wp-block-spacer\"><\/div>\n\n\n\n<h3 class=\"wp-block-heading\">L\u0103ca\u015f de art\u0103 sacral\u0103<\/h3>\n\n\n\n<p>\u00cen ultimul deceniu, biserica Sf. Ioan a devenit un spa\u0163iu \u00een care oamenii se \u00eent\u00e2lnesc cu arta sacral\u0103. \u00cens\u0103\u015fi cl\u0103direa invit\u0103 la amirat, dar \u015fi cele dou\u0103 altare poliptice deosebit de valoroase din Roade\u015f \u015fi Fi\u015fer, orga din Hodod, str\u0103vechea cristelni\u0163\u0103 din Br\u0103deni sau icoana modern\u0103 a M\u00e2ntuitorului, pictat\u0103 de Katharina Zipser. <a title=\"Arta sacral\u0103 ad\u0103postit\u0103 la Biserica Sf. Ioan din Sibiu\" href=\"https:\/\/teutsch.ro\/ro\/biserica-sf-ioan-ecumenism\/un-tur-prin-biserica\/\">mai multe&#8230;<\/a><\/p>\n\n\n\n<div style=\"height:10px\" aria-hidden=\"true\" class=\"wp-block-spacer\"><\/div>\n\n\n\n<h3 class=\"wp-block-heading\">L\u0103ca\u015f istoric<\/h3>\n\n\n\n<p>Biserica Sf. Ioan este amplasat\u0103 par\u0163ial pe fundamentul vechiului zid de ap\u0103rare a Sibiului. Datorit\u0103 unor defecte \u00een construc\u0163ie, l\u0103ca\u015ful de cult care s-a aflat \u00eenainte \u00een acest loc a fost d\u0103r\u00e2mat la numai 16 ani dup\u0103 construirea lui \u00een 1883. Pentru actuala cl\u0103dire, Consistoriul Superior a organizat und concurs care a fost c\u00e2\u015ftigat de t\u00e2narul arhitect Josef Bedeus von Scharberg. <a title=\"Istoria Bisericii Sf. Ioan din Sibiu\" href=\"https:\/\/teutsch.ro\/ro\/biserica-sf-ioan-ecumenism\/istorie\/\">mai multe&#8230;<\/a><\/p>\n<\/div>\n\n\n\n<div class=\"wp-block-column is-layout-flow wp-block-column-is-layout-flow\" style=\"flex-basis:33.33%\">\n<div style=\"height:40px\" aria-hidden=\"true\" class=\"wp-block-spacer\"><\/div>\n\n\n\n<figure class=\"wp-block-image size-full\"><img loading=\"lazy\" decoding=\"async\" width=\"450\" height=\"918\" src=\"https:\/\/teutsch.ro\/wp-content\/uploads\/2024\/08\/DSCF0224.jpg\" alt=\"\" class=\"wp-image-3439\" srcset=\"https:\/\/teutsch.ro\/wp-content\/uploads\/2024\/08\/DSCF0224.jpg 450w, https:\/\/teutsch.ro\/wp-content\/uploads\/2024\/08\/DSCF0224-147x300.jpg 147w, https:\/\/teutsch.ro\/wp-content\/uploads\/2024\/08\/DSCF0224-326x665.jpg 326w, https:\/\/teutsch.ro\/wp-content\/uploads\/2024\/08\/DSCF0224-74x150.jpg 74w\" sizes=\"auto, (max-width: 450px) 100vw, 450px\" \/><\/figure>\n<\/div>\n<\/div>\n\n\n\n<h3 class=\"wp-block-heading\">L\u0103ca\u015f pentru slujbe religioase, asisten\u0163\u0103 spiritual\u0103, rug\u0103ciune \u015fi muzic\u0103<\/h3>\n\n\n\n<p>Este \u00eembucur\u0103tor c\u0103 biserica Sf. Ioan este \u00een continuare folosit\u0103 pentru slujbe religioase, rug\u0103ciuni, botezuri \u015fi cununii, slujbe religioase pentru tineri \u015fi studen\u0163i, pentru elevii la \u00eenceputul \u015fi sf\u00e2r\u015fitul anului \u015fcolar. Copiii \u015fi tinerii sunt invita\u0163i s\u0103 participe la diferite evenimente deosebite cum ar fi Zilele Bibliei, Drumul Crucii al copiilori, s\u0103rb\u0103toarea Sf. Martin \u015fi altele. Tot aici \u00een biseric\u0103 au loc evenimente legate de Ziua Mondial\u0103 de Rug\u0103ciune a Femeilor, reculegeri, concerte corale \u015fi de org\u0103. <a title=\"Slujbe religioase \u015fi rug\u0103ciuni la Biserica Sf. Ioan\" href=\"https:\/\/teutsch.ro\/ro\/biserica-sf-ioan-ecumenism\/loc-de-reculegere-2\/\">mai multe&#8230;<\/a><\/p>\n","protected":false},"excerpt":{"rendered":"<p>L\u0103ca\u015f de reculegere \u015fi de art\u0103 sacral\u0103 Biserica evanghelic\u0103 Sf. Ioan din Sibiu (Johanniskirche) este unul din l\u0103ca\u015fele de cult mai noi ale B.E.R. \u00cen toamna anului 2012 au fost s\u0103rb\u0103tori\u0163i \u2018de abia\u2019 100 de ani de la sfin\u0163irea acestei biserici. In anul 2005, biserica a fost renovat\u0103. \u00cencep\u00e2nd cu s\u0103rb\u0103toarea Pa\u015ftelui \u00een 2012, aici [&hellip;]<\/p>\n","protected":false},"author":1,"featured_media":0,"parent":0,"menu_order":0,"comment_status":"closed","ping_status":"closed","template":"","meta":{"footnotes":""},"class_list":["post-976","page","type-page","status-publish","czr-hentry"],"_links":{"self":[{"href":"https:\/\/teutsch.ro\/ro\/wp-json\/wp\/v2\/pages\/976","targetHints":{"allow":["GET"]}}],"collection":[{"href":"https:\/\/teutsch.ro\/ro\/wp-json\/wp\/v2\/pages"}],"about":[{"href":"https:\/\/teutsch.ro\/ro\/wp-json\/wp\/v2\/types\/page"}],"author":[{"embeddable":true,"href":"https:\/\/teutsch.ro\/ro\/wp-json\/wp\/v2\/users\/1"}],"replies":[{"embeddable":true,"href":"https:\/\/teutsch.ro\/ro\/wp-json\/wp\/v2\/comments?post=976"}],"version-history":[{"count":10,"href":"https:\/\/teutsch.ro\/ro\/wp-json\/wp\/v2\/pages\/976\/revisions"}],"predecessor-version":[{"id":3448,"href":"https:\/\/teutsch.ro\/ro\/wp-json\/wp\/v2\/pages\/976\/revisions\/3448"}],"wp:attachment":[{"href":"https:\/\/teutsch.ro\/ro\/wp-json\/wp\/v2\/media?parent=976"}],"curies":[{"name":"wp","href":"https:\/\/api.w.org\/{rel}","templated":true}]}}