{"id":972,"date":"2013-07-14T17:33:33","date_gmt":"2013-07-14T14:33:33","guid":{"rendered":"https:\/\/staging.teutsch.ro\/?page_id=972"},"modified":"2024-08-13T19:44:16","modified_gmt":"2024-08-13T16:44:16","slug":"muzeu-patrimoniu","status":"publish","type":"page","link":"https:\/\/teutsch.ro\/ro\/muzeu-patrimoniu\/","title":{"rendered":"Muzeu &#038; Patrimoniu"},"content":{"rendered":"\n<div class=\"wp-block-columns is-layout-flex wp-container-core-columns-is-layout-9d6595d7 wp-block-columns-is-layout-flex\">\n<div class=\"wp-block-column is-layout-flow wp-block-column-is-layout-flow\" style=\"flex-basis:66.66%\">\n<h3 class=\"wp-block-heading\">\u00cengrijirea \u0219i expunerea de art\u0103 religioas\u0103<\/h3>\n\n\n\n<p>Muzeul Bisericii Evanghelice C.A., deschis \u00een 2007, ofer\u0103, pe aproximativ 500 de metri p\u0103tra\u021bi, un tur cronologic al istoriei minorit\u0103\u021bii germane din Transilvania \u0219i al istoriei de peste 800 de ani a bisericii lor, devenit\u0103 mai t\u00e2rziu Biserica Evanghelic\u0103 C.A. din Rom\u00e2nia. Pe l\u00e2ng\u0103 expozi\u021bia permanent\u0103, muzeul g\u0103zduie\u0219te \u00een mod regulat expozi\u021bii temporare din colec\u021bii proprii \u0219i externe, pe teme de art\u0103, arhitectur\u0103, istorie, politic\u0103 social\u0103 sau actualitate.<\/p>\n\n\n\n<div style=\"height:8px\" aria-hidden=\"true\" class=\"wp-block-spacer\"><\/div>\n\n\n\n<h3 class=\"wp-block-heading\">Istoria Bisericii Evanghelice C.A. \u015fi a sa\u015filor transilv\u0103neni<\/h3>\n\n\n\n<p>Expozi\u021bia permanent\u0103 a Muzeului Bisericesc atrage anual aproximativ 2000 de vizitatori din \u0163ar\u0103 \u0219i din str\u0103in\u0103tate, incluz\u00e2nd grupuri de turi\u0219ti, de elevi, de studen\u021bi, precum \u0219i delega\u021bii oficiale. \u00cen timpul s\u0103pt\u0103m\u00e2nii, pe tot parcursul anului, sunt oferite tururi ghidate; s\u00e2mb\u0103ta, din luna mai p\u00e2n\u0103 \u00een octombrie, ghidajele se fac pe baz\u0103 de programare. <a href=\"https:\/\/teutsch.ro\/ro\/muzeu-patrimoniu\/expozitia-permanenta\/\" data-type=\"page\" data-id=\"978\">Detalii&#8230;<\/a><\/p>\n\n\n\n<div style=\"height:8px\" aria-hidden=\"true\" class=\"wp-block-spacer\"><\/div>\n\n\n\n<h3 class=\"wp-block-heading\">Tur ghidat pentru adul\u021bi \u0219i studen\u021bi<\/h3>\n\n\n\n<p>La vizitarea \u00eentregii expozi\u021bii oferim o introducere general\u0103 \u00een istoria \u0219i cultura sa\u0219ilor din Transilvania \u0219i a bisericii lor. <a href=\"https:\/\/teutsch.ro\/ro\/muzeu-patrimoniu\/tur-ghidat\/\" data-type=\"page\" data-id=\"3166\">Detalii&#8230;<\/a><\/p>\n<\/div>\n\n\n\n<div class=\"wp-block-column is-layout-flow wp-block-column-is-layout-flow\" style=\"flex-basis:33.33%\">\n<figure class=\"wp-block-image size-large\"><img loading=\"lazy\" decoding=\"async\" width=\"328\" height=\"665\" src=\"https:\/\/teutsch.ro\/wp-content\/uploads\/2024\/08\/EVKB-JAM102-2-328x665.jpg\" alt=\"\" class=\"wp-image-3077\" srcset=\"https:\/\/teutsch.ro\/wp-content\/uploads\/2024\/08\/EVKB-JAM102-2-328x665.jpg 328w, https:\/\/teutsch.ro\/wp-content\/uploads\/2024\/08\/EVKB-JAM102-2-148x300.jpg 148w, https:\/\/teutsch.ro\/wp-content\/uploads\/2024\/08\/EVKB-JAM102-2-74x150.jpg 74w, https:\/\/teutsch.ro\/wp-content\/uploads\/2024\/08\/EVKB-JAM102-2.jpg 500w\" sizes=\"auto, (max-width: 328px) 100vw, 328px\" \/><figcaption class=\"wp-element-caption\">Potir din \u0218oala, sec. XVI.<\/figcaption><\/figure>\n<\/div>\n<\/div>\n\n\n\n<h3 class=\"wp-block-heading\">Tur ghidat pentru copii \u0219i tineri<\/h3>\n\n\n\n<p>Activitatea educa\u021bional\u0103 constituie o parte important\u0103 a ceea ce ofer\u0103 muzeul. Pentru copii \u0219i tineri sunt oferite ghidaje tematice concepute anume, care pot fi \u00eencorporate \u00een planul de \u00eenv\u0103\u0163\u0103m\u00e2nt sau sunt potrivite pentru s\u0103pt\u0103m\u00e2nile de proiect. <a href=\"https:\/\/teutsch.ro\/ro\/muzeu-patrimoniu\/pedagogie-muzeala\/\" data-type=\"page\" data-id=\"1048\">Detalii&#8230;<\/a><\/p>\n\n\n\n<div style=\"height:8px\" aria-hidden=\"true\" class=\"wp-block-spacer\"><\/div>\n\n\n\n<h3 class=\"wp-block-heading\">\u00cengrijirea colec\u021biilor<\/h3>\n\n\n\n<p>Muzeul Bisericesc din Casa Teutsch ad\u0103poste\u0219te un num\u0103r mare de exponate religioase \u0219i seculare de valoare, una dintre activit\u0103\u021bile muzeului fiind de a conserva \u0219i restaura aceste exponate. Cu fonduri limitate se pot efectua m\u0103suri de conservare \u0219i restaurare selectiv\u0103, prin parteneriatul cu \u00eenv\u0103\u021b\u0103m\u00e2ntul universitar din Sibiu. Proiectele de restaurare de amploare sunt licitate public. <a href=\"https:\/\/teutsch.ro\/ro\/muzeu-patrimoniu\/restaurari\/\" data-type=\"page\" data-id=\"1050\">Detalii&#8230;<\/a><\/p>\n\n\n\n<div style=\"height:50px\" aria-hidden=\"true\" class=\"wp-block-spacer\"><\/div>\n\n\n\n<div class=\"wp-block-columns is-layout-flex wp-container-core-columns-is-layout-9d6595d7 wp-block-columns-is-layout-flex\">\n<div class=\"wp-block-column is-layout-flow wp-block-column-is-layout-flow\" style=\"flex-basis:66.66%\">\n<p class=\"has-text-align-center\"><a href=\"https:\/\/booktes.com\/cumpara\/muzeul-bisericii-evanghelice-c-a-din-romania#2021-11-22\" target=\"_blank\" rel=\"noreferrer noopener\"><strong>Biletele pot fi achizi\u021bionate online prin BookTes<\/strong><\/a><\/p>\n<\/div>\n\n\n\n<div class=\"wp-block-column is-layout-flow wp-block-column-is-layout-flow\" style=\"flex-basis:33.33%\">\n<div class=\"wp-block-buttons is-content-justification-center is-layout-flex wp-container-core-buttons-is-layout-16018d1d wp-block-buttons-is-layout-flex\">\n<div class=\"wp-block-button button\"><a class=\"wp-block-button__link has-text-color has-background has-link-color wp-element-button\" href=\"https:\/\/museum.teutsch.ro\/?lang=ro\" style=\"border-radius:5px;color:#303133;background-color:#eeeeee\">museum.teutsch.ro<\/a><\/div>\n<\/div>\n<\/div>\n<\/div>\n\n\n\n<p><\/p>\n","protected":false},"excerpt":{"rendered":"<p>\u00cengrijirea \u0219i expunerea de art\u0103 religioas\u0103 Muzeul Bisericii Evanghelice C.A., deschis \u00een 2007, ofer\u0103, pe aproximativ 500 de metri p\u0103tra\u021bi, un tur cronologic al istoriei minorit\u0103\u021bii germane din Transilvania \u0219i al istoriei de peste 800 de ani a bisericii lor, devenit\u0103 mai t\u00e2rziu Biserica Evanghelic\u0103 C.A. din Rom\u00e2nia. Pe l\u00e2ng\u0103 expozi\u021bia permanent\u0103, muzeul g\u0103zduie\u0219te \u00een [&hellip;]<\/p>\n","protected":false},"author":1,"featured_media":2388,"parent":0,"menu_order":0,"comment_status":"closed","ping_status":"closed","template":"","meta":{"footnotes":""},"class_list":["post-972","page","type-page","status-publish","has-post-thumbnail","czr-hentry"],"_links":{"self":[{"href":"https:\/\/teutsch.ro\/ro\/wp-json\/wp\/v2\/pages\/972","targetHints":{"allow":["GET"]}}],"collection":[{"href":"https:\/\/teutsch.ro\/ro\/wp-json\/wp\/v2\/pages"}],"about":[{"href":"https:\/\/teutsch.ro\/ro\/wp-json\/wp\/v2\/types\/page"}],"author":[{"embeddable":true,"href":"https:\/\/teutsch.ro\/ro\/wp-json\/wp\/v2\/users\/1"}],"replies":[{"embeddable":true,"href":"https:\/\/teutsch.ro\/ro\/wp-json\/wp\/v2\/comments?post=972"}],"version-history":[{"count":43,"href":"https:\/\/teutsch.ro\/ro\/wp-json\/wp\/v2\/pages\/972\/revisions"}],"predecessor-version":[{"id":3401,"href":"https:\/\/teutsch.ro\/ro\/wp-json\/wp\/v2\/pages\/972\/revisions\/3401"}],"wp:featuredmedia":[{"embeddable":true,"href":"https:\/\/teutsch.ro\/ro\/wp-json\/wp\/v2\/media\/2388"}],"wp:attachment":[{"href":"https:\/\/teutsch.ro\/ro\/wp-json\/wp\/v2\/media?parent=972"}],"curies":[{"name":"wp","href":"https:\/\/api.w.org\/{rel}","templated":true}]}}