{"id":965,"date":"2013-07-14T17:12:02","date_gmt":"2013-07-14T14:12:02","guid":{"rendered":"https:\/\/staging.teutsch.ro\/?page_id=965"},"modified":"2024-08-14T13:58:26","modified_gmt":"2024-08-14T10:58:26","slug":"casateutsch","status":"publish","type":"page","link":"https:\/\/teutsch.ro\/ro\/","title":{"rendered":"Casa Teutsch"},"content":{"rendered":"<h1>Un centru modern de dialog \u00eentr-o loca\u0163ie istoric\u0103 \u00een Sibiu<\/h1>\n<p>Centrul de dialog \u015fi cultur\u0103 Friedrich Teutsch este o institu\u0163ie relativ t\u00e2n\u0103r\u0103 a Bisericii Evanghelice C.A. din Rom\u00e2nia (B.E.R.) Centrul de dialog \u015fi cultur\u0103 a fost deschis \u00een 2003 \u015fi este cunoscut sub numele simplificat \u201eCasa Teutsch\u201c.<\/p>\n<h3>Cei patru piloni ai Casei Teutsch<\/h3>\n<p><img loading=\"lazy\" decoding=\"async\" class=\"box\" src=\"https:\/\/teutsch.ro\/wp-content\/uploads\/2024\/08\/rot.png\" alt=\"rot\" width=\"30\" height=\"30\" \/> <a title=\"Muzeu &amp; patrimoniu\" href=\"https:\/\/teutsch.ro\/ro\/muzeu-patrimoniu\/\"><strong><span style=\"color: #a81633;\">Muzeul Bisericii Evanghelice C.A.:<\/span><\/strong><\/a> Muzeul \u015fi-a deschis por\u0163ile \u00een 2007 \u015fi ofer\u0103 o privire general\u0103 asupra istoriei Bisericii Evanghelice C.A. din Rom\u00e2nia \u015fi asupra istoriei comunit\u0103\u0163ii sa\u015filor transilv\u0103neni \u2013 timp de secole o istorie comun\u0103, interdependent\u0103. <a title=\"Muzeul Bisericii Evanghelice C.A. in Sibiu\" href=\"https:\/\/teutsch.ro\/ro\/muzeu-patrimoniu\/\">mai multe&#8230;<\/a><\/p>\n<p><img loading=\"lazy\" decoding=\"async\" class=\"box\" src=\"https:\/\/teutsch.ro\/wp-content\/uploads\/2024\/08\/gruen.png\" alt=\"gruen\" width=\"30\" height=\"30\" \/> <a title=\"Arhiv\u0103 &amp; bibliotec\u0103\" href=\"https:\/\/teutsch.ro\/ro\/arhiva-biblioteca\/\"><strong> <span style=\"color: #007147;\">Arhiva Central\u0103 a Bisericii Evangelice C.A. \u015fi Biblioteca Transilvanica:<\/span><\/strong><\/a> \u00cen anul 2004 a fost inaugurat\u0103 Arhiva Central\u0103 a Bisericii Evanghelice C.A. din Rom\u00e2nia \u00een care sunt depozitate documente din cancelariile districtuale \u015fi parohiale din aprox. 280 de localit\u0103\u0163i cu comunit\u0103\u0163i evanghelice. Arhiva este completat\u0103 de o bibliotec\u0103 specializat\u0103 pe tematica istoriei biserice\u015fti a B.E.R. <a title=\"Arhiva Central\u0103 a Bisericii Evangelice C.A. in Sibiu\" href=\"https:\/\/teutsch.ro\/ro\/arhiva-biblioteca\/\">mai multe&#8230;<\/a><\/p>\n<p><img loading=\"lazy\" decoding=\"async\" class=\"box\" src=\"https:\/\/teutsch.ro\/wp-content\/uploads\/2024\/08\/blau.png\" alt=\"blau\" width=\"30\" height=\"30\" \/> <a title=\"\u00cent\u00e2lnire &amp; evenimente\" href=\"https:\/\/teutsch.ro\/ro\/intalniri-evenimente\/\"><span style=\"color: #004f9e;\"><strong>Sala multifunc\u0163ional\u0103 ca loc de desf\u0103\u015furare pentru evenimente culturale:<\/strong><\/span> <\/a>La etajul 1 al Casei Teutsch, o teras\u0103 deschis\u0103 a fost acoperit\u0103 \u015fi amenajat\u0103 ca sal\u0103 multifunc\u0163ional\u0103 unde, din 2004, au loc conferin\u0163e \u015ftiin\u0163ifice, seminarii pedagogice sau evenimente culturale. <a title=\"Evenimente la sala multifunc\u0163ional\u0103 din Casa Teutsch\" href=\"https:\/\/teutsch.ro\/ro\/intalniri-evenimente\/\">mai multe&#8230;<\/a><\/p>\n<p><img loading=\"lazy\" decoding=\"async\" class=\"box\" src=\"https:\/\/teutsch.ro\/wp-content\/uploads\/2024\/08\/orange.png\" alt=\"orange\" width=\"30\" height=\"30\" \/>\u00a0<span style=\"color: #fc7215;\"><a title=\"Biserca Sf. Ioan &amp; ecumenism\" href=\"https:\/\/teutsch.ro\/ro\/biserica-sf-ioan-ecumenism\/\"><span style=\"color: #de7a0d;\"><strong>Biserica ev. Sf. Ioan:<\/strong><\/span><\/a><\/span> Biserica Sf. Ioan (\u201eJohanniskirche\u201c) apar\u0163ine de compexul Casei Teutsch. \u00cen timpul verii, biserica este deschis\u0103 zilnic pentru c\u00e2teva ore ca loc de reculegere \u015fi pentru a putea fi vizitat\u0103 de turi\u015fti. \u00cen mod regulat au loc medita\u0163ii \u015fi \u00eent\u00e2lniri de rug\u0103ciune, slujbe pentru elevi la \u00eenceputul si sf\u00e2r\u015fitul anului \u015fcolar, s\u0103rb\u0103toarea Sf. Martin \u015fi altele. <a title=\"Biserca Sf. Ioan\" href=\"https:\/\/teutsch.ro\/ro\/biserica-sf-ioan-ecumenism\/\">mai multe&#8230;<\/a><\/p>\n<p>Pe l\u00e2ng\u0103 aceste departamente proprii, Casa Teutsch mai g\u0103zduie\u015fte o serie de<a title=\"Institu\u0163ii partenere \u00een Casa Teutsch\" href=\"https:\/\/teutsch.ro\/partner\/\">oferte<\/a> din domeniul ecumenic \u015fi cultural:<\/p>\n<ul>\n<li>o libr\u0103rie-cafenea, specializat\u0103 pe c\u0103r\u0163i \u00een limba german\u0103,<\/li>\n<li>Centrul de Cercetare Ecumenic\u0103 Sibiu<\/li>\n<\/ul>\n<h3>Finan\u0163are \u015fi suport<\/h3>\n<p>Institu\u0163ia noastr\u0103 este finan\u0163at\u0103 din trei surse: Marea parte a costurilor pentru desf\u0103\u015furarea activit\u0103\u0163ii este suportat\u0103 de Consistoriul Superior al Bisericii evanghelice, o parte sunt veniturile din v\u00e2nzarea biletelor de intrare \u015fi a unor publica\u0163ii proprii c\u00e2t \u015fi din taxele pentru folosirea arhivei \u015fi \u00eenchirierea unor spa\u0163ii, iar o alt\u0103 parte reprezint\u0103 sprijinul primit de la ter\u0163e institu\u0163ii. Noi cooper\u0103m cu multe institu\u0163ii partenere \u00een cadrul unor proiecte comune. Suntem bucuro\u015fi s\u0103 primim sprijin de la voluntari, practican\u0163i \u015fi senior-experts care, prin cuno\u015ftin\u0163ele \u015fi munca lor, contribuie la realiz\u0103rile Casei Teutsch.<\/p>\n<h3>Cooper\u0103ri \u00een Sibiu, Rom\u00e2nia \u015fi str\u0103in\u0103tate<\/h3>\n<p>De mul\u0163i ani conlucr\u0103m cu Academia Evanghelic\u0103 Transilvania, cu Institutul de Studii Transilv\u0103nene la Gundeslheim, cu institu\u0163ii din Sibiu cum ar fi Colegiul Na\u0163ional Samuel von Brukenthal, Universitatea Lucian Blaga, Muzeul ASTRA, Muzeul Na\u0163ional Brukenthal, Funda\u0163ia S.v. Brukenthal, Parohia Evanghelic\u0103 C.A. Sibiu, Forumul Democrat al Germanilor din Rom\u00e2nia \u015f.m.a.<\/p>\n","protected":false},"excerpt":{"rendered":"<p>Un centru modern de dialog \u00eentr-o loca\u0163ie istoric\u0103 \u00een Sibiu Centrul de dialog \u015fi cultur\u0103 Friedrich Teutsch este o institu\u0163ie relativ t\u00e2n\u0103r\u0103 a Bisericii Evanghelice C.A. din Rom\u00e2nia (B.E.R.) Centrul de dialog \u015fi cultur\u0103 a fost deschis \u00een 2003 \u015fi este cunoscut sub numele simplificat \u201eCasa Teutsch\u201c. Cei patru piloni ai Casei Teutsch Muzeul Bisericii [&hellip;]<\/p>\n","protected":false},"author":1,"featured_media":0,"parent":0,"menu_order":0,"comment_status":"closed","ping_status":"closed","template":"","meta":{"footnotes":""},"class_list":["post-965","page","type-page","status-publish","czr-hentry"],"_links":{"self":[{"href":"https:\/\/teutsch.ro\/ro\/wp-json\/wp\/v2\/pages\/965","targetHints":{"allow":["GET"]}}],"collection":[{"href":"https:\/\/teutsch.ro\/ro\/wp-json\/wp\/v2\/pages"}],"about":[{"href":"https:\/\/teutsch.ro\/ro\/wp-json\/wp\/v2\/types\/page"}],"author":[{"embeddable":true,"href":"https:\/\/teutsch.ro\/ro\/wp-json\/wp\/v2\/users\/1"}],"replies":[{"embeddable":true,"href":"https:\/\/teutsch.ro\/ro\/wp-json\/wp\/v2\/comments?post=965"}],"version-history":[{"count":19,"href":"https:\/\/teutsch.ro\/ro\/wp-json\/wp\/v2\/pages\/965\/revisions"}],"predecessor-version":[{"id":3469,"href":"https:\/\/teutsch.ro\/ro\/wp-json\/wp\/v2\/pages\/965\/revisions\/3469"}],"wp:attachment":[{"href":"https:\/\/teutsch.ro\/ro\/wp-json\/wp\/v2\/media?parent=965"}],"curies":[{"name":"wp","href":"https:\/\/api.w.org\/{rel}","templated":true}]}}