{"id":1240,"date":"2013-10-17T12:11:16","date_gmt":"2013-10-17T09:11:16","guid":{"rendered":"https:\/\/staging.teutsch.ro\/?page_id=1240"},"modified":"2024-08-13T16:56:38","modified_gmt":"2024-08-13T13:56:38","slug":"loc-de-reculegere-2","status":"publish","type":"page","link":"https:\/\/teutsch.ro\/ro\/biserica-sf-ioan-ecumenism\/loc-de-reculegere-2\/","title":{"rendered":"Loc de reculegere"},"content":{"rendered":"\n<h1 class=\"wp-block-heading\">Un loc pentru rug\u0103ciunea ecumenic\u0103 \u00een Sibiu<\/h1>\n\n\n\n<p>Biserica Sf. Ioan este un loc unde noi dorim s\u0103 cultiv\u0103m ospitalitatea ecumenic\u0103 f\u0103r\u0103 \u00eens\u0103 a altera identitatea lutheran\u0103 a bisericii noastre. \u201eLocul de reculegere\u201c este deschis pentru to\u0163i cei dornici de reculegere \u015fi rug\u0103ciune, indiferent de confesiunea lor. Vizitatorii pot s\u0103 tr\u0103iasc\u0103 momente de lini\u015fte \u015fi pot privi altarele medievale \u015fi obiectele de art\u0103 sacral\u0103 care se afl\u0103 \u00een nava bisericii.<\/p>\n\n\n\n<div style=\"height:20px\" aria-hidden=\"true\" class=\"wp-block-spacer\"><\/div>\n\n\n\n<div class=\"wp-block-columns is-layout-flex wp-container-core-columns-is-layout-9d6595d7 wp-block-columns-is-layout-flex\">\n<div class=\"wp-block-column is-layout-flow wp-block-column-is-layout-flow\" style=\"flex-basis:33.33%\">\n<div style=\"height:10px\" aria-hidden=\"true\" class=\"wp-block-spacer\"><\/div>\n\n\n\n<figure class=\"wp-block-image size-large\"><img loading=\"lazy\" decoding=\"async\" width=\"665\" height=\"657\" src=\"https:\/\/teutsch.ro\/wp-content\/uploads\/2024\/08\/TH10-02-665x657.jpg\" alt=\"\" class=\"wp-image-3345\" srcset=\"https:\/\/teutsch.ro\/wp-content\/uploads\/2024\/08\/TH10-02-665x657.jpg 665w, https:\/\/teutsch.ro\/wp-content\/uploads\/2024\/08\/TH10-02-200x198.jpg 200w, https:\/\/teutsch.ro\/wp-content\/uploads\/2024\/08\/TH10-02-100x99.jpg 100w, https:\/\/teutsch.ro\/wp-content\/uploads\/2024\/08\/TH10-02.jpg 688w\" sizes=\"auto, (max-width: 665px) 100vw, 665px\" \/><\/figure>\n<\/div>\n\n\n\n<div class=\"wp-block-column is-layout-flow wp-block-column-is-layout-flow\" style=\"flex-basis:66.66%\">\n<h3 class=\"wp-block-heading\">Rug\u0103ciunea pentru pace \u015fi reconciliere<\/h3>\n\n\n\n<p>Grupul \u201eOra et labora\u201c invit\u0103 la rug\u0103ciuni pentru pace \u015fi reconciliere. \u00cen biserica Sf. Ioan se afl\u0103 o \u201eCruce din cuie\u201c din Coventry. Ea a fost decernat\u0103 \u00een anul 2006 ini\u0163iativei ecumenice de rug\u0103ciune \u201eOra et labora\u201c \u015fi Centrului de Cercetare Ecumenic\u0103 Sibiu (CCES) care \u00ee\u015fi are sediul \u00een Casa Teutsch. Dorim s\u0103 p\u0103str\u0103m vie leg\u0103tura cu comunitatea mondial\u0103 a \u201eCrucii din cuie\u201c care se dedic\u0103 reconcilierii confesiunilor \u015fi a popoarelor.<\/p>\n<\/div>\n<\/div>\n","protected":false},"excerpt":{"rendered":"<p>Un loc pentru rug\u0103ciunea ecumenic\u0103 \u00een Sibiu Biserica Sf. Ioan este un loc unde noi dorim s\u0103 cultiv\u0103m ospitalitatea ecumenic\u0103 f\u0103r\u0103 \u00eens\u0103 a altera identitatea lutheran\u0103 a bisericii noastre. \u201eLocul de reculegere\u201c este deschis pentru to\u0163i cei dornici de reculegere \u015fi rug\u0103ciune, indiferent de confesiunea lor. Vizitatorii pot s\u0103 tr\u0103iasc\u0103 momente de lini\u015fte \u015fi pot [&hellip;]<\/p>\n","protected":false},"author":1,"featured_media":123,"parent":976,"menu_order":0,"comment_status":"closed","ping_status":"closed","template":"","meta":{"footnotes":""},"class_list":["post-1240","page","type-page","status-publish","has-post-thumbnail","czr-hentry"],"_links":{"self":[{"href":"https:\/\/teutsch.ro\/ro\/wp-json\/wp\/v2\/pages\/1240","targetHints":{"allow":["GET"]}}],"collection":[{"href":"https:\/\/teutsch.ro\/ro\/wp-json\/wp\/v2\/pages"}],"about":[{"href":"https:\/\/teutsch.ro\/ro\/wp-json\/wp\/v2\/types\/page"}],"author":[{"embeddable":true,"href":"https:\/\/teutsch.ro\/ro\/wp-json\/wp\/v2\/users\/1"}],"replies":[{"embeddable":true,"href":"https:\/\/teutsch.ro\/ro\/wp-json\/wp\/v2\/comments?post=1240"}],"version-history":[{"count":5,"href":"https:\/\/teutsch.ro\/ro\/wp-json\/wp\/v2\/pages\/1240\/revisions"}],"predecessor-version":[{"id":3356,"href":"https:\/\/teutsch.ro\/ro\/wp-json\/wp\/v2\/pages\/1240\/revisions\/3356"}],"up":[{"embeddable":true,"href":"https:\/\/teutsch.ro\/ro\/wp-json\/wp\/v2\/pages\/976"}],"wp:featuredmedia":[{"embeddable":true,"href":"https:\/\/teutsch.ro\/ro\/wp-json\/wp\/v2\/media\/123"}],"wp:attachment":[{"href":"https:\/\/teutsch.ro\/ro\/wp-json\/wp\/v2\/media?parent=1240"}],"curies":[{"name":"wp","href":"https:\/\/api.w.org\/{rel}","templated":true}]}}