{"id":1116,"date":"2013-10-06T13:57:21","date_gmt":"2013-10-06T10:57:21","guid":{"rendered":"https:\/\/staging.teutsch.ro\/?page_id=1116"},"modified":"2022-02-16T13:34:18","modified_gmt":"2022-02-16T11:34:18","slug":"contact-2","status":"publish","type":"page","link":"https:\/\/teutsch.ro\/ro\/contact-2\/","title":{"rendered":"Contact"},"content":{"rendered":"<table>\n<tbody>\n<tr>\n<td>\n<h4 dir=\"ltr\">Centrul de dialog \u015fi cultur\u0103 Friedrich Teutsch al Bisericii Evanghelice C.A. din Rom\u00e2nia<\/h4>\n<p dir=\"ltr\">Str. Mitropoliei Nr. 30<br \/>\n550179 Sibiu<\/p>\n<p>Tel.: +40 (0) 269 206 730<br \/>\n<a href=\"mailto:casa.teutsch@gmail.com\">casa.teutsch@gmail.com<\/a><br \/>\n<a href=\"https:\/\/teutsch.ro\/\">www.teutsch.ro<\/a><\/p>\n<h4>Direc\u0163iune<\/h4>\n<p>Dr. Gerhild Rudolf<br \/>\n<strong>Referent cultural<\/strong><br \/>\n<a href=\"mailto:casa.teutsch@gmail.com\">casa.teutsch@gmail.com<\/a><\/p>\n<p>&nbsp;<\/p>\n<h4>Muzeu<\/h4>\n<p>Arh. Heidrun K\u00f6nig<br \/>\n<strong>Coordonator muzeu\u00a0<b>0731001364<\/b><\/strong><br \/>\n<a href=\"mailto:teutsch.museum@gmail.com\" target=\"_blank\">teutsch.museum@gmail.com<\/a>\u200b<\/p>\n<p>&nbsp;<\/p>\n<h4>Arhiv\u0103 \u015fi bibliotec\u0103<\/h4>\n<p>Preot dr. Andr\u00e1s B\u00e1ndi<br \/>\n<strong>Bibliotecar-Arhivist<\/strong><\/p>\n<p>info.teutsch@gmail.com<\/p>\n<p>Monica Vlaicu, M.A.<br \/>\n<strong>Arhivist<\/strong><\/p>\n<p>Monica Rus, M.A.<br \/>\n<strong>Arhivist<\/strong><\/p>\n<h4><b>\u00a0<\/b><\/h4>\n<\/td>\n<td style=\"text-align: right;\"><iframe loading=\"lazy\" style=\"border: 0;\" src=\"https:\/\/www.google.com\/maps\/embed?pb=!1m18!1m12!1m3!1d2781.8560071674406!2d24.14408281622629!3d45.79411241938845!2m3!1f0!2f0!3f0!3m2!1i1024!2i768!4f13.1!3m3!1m2!1s0x474c6791e4792015%3A0x55198f246c9ef8c6!2sThe+Evangelical+Church+Museum+of+Romania!5e0!3m2!1sde!2sro!4v1444928083760\" height=\"332\" width=\"332\" allowfullscreen=\"\" frameborder=\"0\"><\/iframe><br \/>\n<span style=\"color: #333333; font-family: Georgia, 'Times New Roman', 'Bitstream Charter', Times, serif; font-size: small;\"><span style=\"line-height: 19px;\"> <span style=\"color: #333333;\"><small><a style=\"color: #0000ff; text-align: left;\" href=\"https:\/\/www.google.ro\/maps\/place\/The+Evangelical+Church+Museum+of+Romania\/@45.7941124,24.1440828,17z\/data=!3m1!4b1!4m2!3m1!1s0x474c6791e4792015:0x55198f246c9ef8c6\" target=\"_blank\"><span style=\"color: #333333;\">Arat\u0103 pe o hart\u0103 mai mare<\/span><\/a><\/small><\/span><\/span><\/span><\/p>\n<h4 style=\"text-align: left;\"><span style=\"font-size: 1em; text-align: left;\">Serviciul tehnic<\/span><\/h4>\n<p style=\"text-align: left;\">Ing. Hans-J\u00fcrgen Binder<br \/>\n<strong>Director tehnic<\/strong><\/p>\n<p style=\"text-align: left;\">Adrian Morar<br \/>\n<strong>Magazioner<\/strong><\/p>\n<p style=\"text-align: left;\">Peter Mihai<br \/>\n<strong>Gestionar custode sal\u0103<\/strong><\/p>\n<p style=\"text-align: left;\">Dumitru Had\u0103r<br \/>\n<strong>Administrator<\/strong><\/p>\n<div style=\"text-align: left;\"><span style=\"color: #000000;\">Elisabeta Had\u0103r<\/span><br \/>\n<strong>Responsabil cur\u0103\u0163enie<\/strong><\/div>\n<\/td>\n<\/tr>\n<\/tbody>\n<\/table>\n","protected":false},"excerpt":{"rendered":"<p>Centrul de dialog \u015fi cultur\u0103 Friedrich Teutsch al Bisericii Evanghelice C.A. din Rom\u00e2nia Str. Mitropoliei Nr. 30 550179 Sibiu Tel.: +40 (0) 269 206 730 casa.teutsch@gmail.com www.teutsch.ro Direc\u0163iune Dr. Gerhild Rudolf Referent cultural casa.teutsch@gmail.com &nbsp; Muzeu Arh. Heidrun K\u00f6nig Coordonator muzeu\u00a00731001364 teutsch.museum@gmail.com\u200b &nbsp; Arhiv\u0103 \u015fi bibliotec\u0103 Preot dr. Andr\u00e1s B\u00e1ndi Bibliotecar-Arhivist info.teutsch@gmail.com Monica Vlaicu, M.A. [&hellip;]<\/p>\n","protected":false},"author":1,"featured_media":2133,"parent":0,"menu_order":0,"comment_status":"closed","ping_status":"closed","template":"","meta":{"footnotes":""},"class_list":["post-1116","page","type-page","status-publish","has-post-thumbnail","czr-hentry"],"_links":{"self":[{"href":"https:\/\/teutsch.ro\/ro\/wp-json\/wp\/v2\/pages\/1116","targetHints":{"allow":["GET"]}}],"collection":[{"href":"https:\/\/teutsch.ro\/ro\/wp-json\/wp\/v2\/pages"}],"about":[{"href":"https:\/\/teutsch.ro\/ro\/wp-json\/wp\/v2\/types\/page"}],"author":[{"embeddable":true,"href":"https:\/\/teutsch.ro\/ro\/wp-json\/wp\/v2\/users\/1"}],"replies":[{"embeddable":true,"href":"https:\/\/teutsch.ro\/ro\/wp-json\/wp\/v2\/comments?post=1116"}],"version-history":[{"count":23,"href":"https:\/\/teutsch.ro\/ro\/wp-json\/wp\/v2\/pages\/1116\/revisions"}],"predecessor-version":[{"id":2320,"href":"https:\/\/teutsch.ro\/ro\/wp-json\/wp\/v2\/pages\/1116\/revisions\/2320"}],"wp:featuredmedia":[{"embeddable":true,"href":"https:\/\/teutsch.ro\/ro\/wp-json\/wp\/v2\/media\/2133"}],"wp:attachment":[{"href":"https:\/\/teutsch.ro\/ro\/wp-json\/wp\/v2\/media?parent=1116"}],"curies":[{"name":"wp","href":"https:\/\/api.w.org\/{rel}","templated":true}]}}