{"id":1104,"date":"2013-10-04T14:03:37","date_gmt":"2013-10-04T11:03:37","guid":{"rendered":"https:\/\/staging.teutsch.ro\/?page_id=1104"},"modified":"2024-08-14T10:56:03","modified_gmt":"2024-08-14T07:56:03","slug":"parteneri","status":"publish","type":"page","link":"https:\/\/teutsch.ro\/ro\/casateutsch\/parteneri\/","title":{"rendered":"Parteneri"},"content":{"rendered":"<h1>Parteneri<\/h1>\n<h3>Libr\u0103ria-cafenea Erasmus<\/h3>\n<p>La parterul Casei Teutsch vizitatorii sunt \u00eent\u00e2mpina\u0163i de prietenoasa \u015fi bine dotata libr\u0103rie-cafenea Erasmus. Dac\u0103 vremea este frumoas\u0103 v\u0103 a\u015fteapt\u0103 \u015fi o teras\u0103 \u00een curtea \u00eenverzit\u0103 a complexului. Libr\u0103ria este specializat\u0103 pe c\u0103r\u0163i din \u015fi despre Transilvania \u015fi Rom\u00e2nia \u00een general, dar ofer\u0103 \u00een plus at\u00e2t c\u0103r\u0163i pentru copii \u015fi elevi c\u00e2t \u015fi beletristic\u0103 modern\u0103 \u00een limbile german\u0103, rom\u00e2n\u0103 \u015fi englez\u0103.<\/p>\n<p>Libr\u0103ria-cafenea \u00ee\u015fi \u00eendepline\u015fte excelent misiunea de a atrage vizitatori \u00een Casa Teutsch. Ea este unul dintre pu\u0163inele locuri din Sibiu unde \u015fi familiile cu copii mici \u015fi persoanele cu dizabilit\u0103\u0163i se simt \u00eentr-adev\u0103r binevenite. \u00cen perioada cald\u0103, curtea interioar\u0103 cu teras\u0103 \u015fi teren de joac\u0103 este plin\u0103 de via\u0163\u0103. Parteneriatul dintre libr\u0103ria Erasmus \u015fi Centrul de dialog se concretizeaz\u0103 \u015fi \u00een organizarea \u00een comun a unor evenimente ca de exemplu prezent\u0103ri de carte \u015fi mese rotunde cu autori contemporani.<\/p>\n<p><a title=\"Libr\u0103ria-cafenea Erasmus\" href=\"https:\/\/www.buechercafe.ro\/\" target=\"_blank\" rel=\"noopener\">www.buechercafe.ro<\/a><\/p>\n<h3>Centrul de Cercetare Ecumenic\u0103 Sibiu (CCES)<\/h3>\n<p>\u00cen Casa Teutsch \u00ee\u015fi are sediul \u015fi Centrul de Cercetare Ecumenic\u0103 Sibiu, un proiect comun al Facult\u0103\u0163ii de teologie ortodox\u0103 \u015fi al Departamentului de teologie protestant\u0103 din cadrul Universit\u0103\u0163ii Lucian Blaga din Sibiu. Centrul de Cercetare editeaz\u0103 c\u0103r\u0163i de specialitate privind ecumenismul \u015fi dialogul \u00eentre Biserici \u015fi o revist\u0103 de specialitate care apare de trei ori pe an. Centrul de Cercetare Ecumenic\u0103 dispune de o important\u0103 bibliotec\u0103 accesibil\u0103 publicului interesat (luni-vineri, orele 9-17) \u015fi ofer\u0103 informa\u0163ii de actualitate prin intermediul paginei <a title=\"Centrul de Cercetare Ecumenic\u0103 Sibiu (CCES) \" href=\"http:\/\/www.ecum.ro\/\" target=\"_blank\" rel=\"noopener\">www.ecum.ro<\/a><\/p>\n<h3 dir=\"ltr\">Proiect UE Erasmus+<\/h3>\n<p><span style=\"line-height: 1.5em;\">\u201eSpa\u0163ii sacrale ca locuri memoriale Europene: dezvoltarea poten\u0163ialului \u015fi consolidarea competen\u0163elor\u201d \u2013 Acesta este titlul proiectului nostru, desf\u0103\u015furat \u00een perioada 1.09.2015\u20131.09.2017 \u00een cadrul programului Erasmus+ al Uniunii Europene, prin care zece institu\u0163ii partenere din Germania, Austria, Cehia, Italia, Lituania, Olanda, Polonia \u015fi Rom\u00e2nia se implic\u0103 \u00een procesul de g\u0103sire a unor solu\u0163ii de perspectiv\u0103 pentru patrimoniul religios construit \u00een Europa prin elaborarea de concepte inovatoare cu scop educa\u0163ional.<\/span><\/p>\n<p><span style=\"line-height: 1.5em;\">Partenerii \u015fi-au propus s\u0103 aduc\u0103 \u00een con\u015ftiin\u0163a public\u0103 spa\u0163iile sacrale ca un capital cultural. \u00cen mod exemplar, spa\u0163iile sacrale desemnate vor fi \u201elocuri memoriale Europene\u201c care \u00eentruchipeaz\u0103 specific cultura european\u0103 \u015fi local\u0103, dat fiind c\u0103 \u00eemportan\u0163a acestor l\u0103ca\u015fe dep\u0103\u015fe\u015fte pe cea de cult \u015fi pe cea turistic\u0103. Pornind de la convingerea c\u0103 un poten\u0163ial major al spa\u0163iilor sacrale sunt oamenii care se implic\u0103 la fa\u0163a locului, partenerii de proiect doresc s\u0103 stimuleze percep\u0163ia public\u0103 a patrimoniului prin educa\u0163ie.<\/span><\/p>\n<p>Proiectul dore\u015fte s\u0103 \u00eent\u0103reasc\u0103 structurile societ\u0103\u0163ii civile \u015fi va contribui pe termen lung la dezvoltarea culturii memoriale europene.<\/p>\n<p>&nbsp;<\/p>\n","protected":false},"excerpt":{"rendered":"<p>Parteneri Libr\u0103ria-cafenea Erasmus La parterul Casei Teutsch vizitatorii sunt \u00eent\u00e2mpina\u0163i de prietenoasa \u015fi bine dotata libr\u0103rie-cafenea Erasmus. Dac\u0103 vremea este frumoas\u0103 v\u0103 a\u015fteapt\u0103 \u015fi o teras\u0103 \u00een curtea \u00eenverzit\u0103 a complexului. Libr\u0103ria este specializat\u0103 pe c\u0103r\u0163i din \u015fi despre Transilvania \u015fi Rom\u00e2nia \u00een general, dar ofer\u0103 \u00een plus at\u00e2t c\u0103r\u0163i pentru copii \u015fi elevi c\u00e2t [&hellip;]<\/p>\n","protected":false},"author":1,"featured_media":2437,"parent":965,"menu_order":0,"comment_status":"closed","ping_status":"closed","template":"","meta":{"footnotes":""},"class_list":["post-1104","page","type-page","status-publish","has-post-thumbnail","czr-hentry"],"_links":{"self":[{"href":"https:\/\/teutsch.ro\/ro\/wp-json\/wp\/v2\/pages\/1104","targetHints":{"allow":["GET"]}}],"collection":[{"href":"https:\/\/teutsch.ro\/ro\/wp-json\/wp\/v2\/pages"}],"about":[{"href":"https:\/\/teutsch.ro\/ro\/wp-json\/wp\/v2\/types\/page"}],"author":[{"embeddable":true,"href":"https:\/\/teutsch.ro\/ro\/wp-json\/wp\/v2\/users\/1"}],"replies":[{"embeddable":true,"href":"https:\/\/teutsch.ro\/ro\/wp-json\/wp\/v2\/comments?post=1104"}],"version-history":[{"count":7,"href":"https:\/\/teutsch.ro\/ro\/wp-json\/wp\/v2\/pages\/1104\/revisions"}],"predecessor-version":[{"id":3458,"href":"https:\/\/teutsch.ro\/ro\/wp-json\/wp\/v2\/pages\/1104\/revisions\/3458"}],"up":[{"embeddable":true,"href":"https:\/\/teutsch.ro\/ro\/wp-json\/wp\/v2\/pages\/965"}],"wp:featuredmedia":[{"embeddable":true,"href":"https:\/\/teutsch.ro\/ro\/wp-json\/wp\/v2\/media\/2437"}],"wp:attachment":[{"href":"https:\/\/teutsch.ro\/ro\/wp-json\/wp\/v2\/media?parent=1104"}],"curies":[{"name":"wp","href":"https:\/\/api.w.org\/{rel}","templated":true}]}}