{"id":1069,"date":"2013-09-26T16:59:37","date_gmt":"2013-09-26T13:59:37","guid":{"rendered":"https:\/\/staging.teutsch.ro\/?page_id=1069"},"modified":"2025-08-25T14:06:35","modified_gmt":"2025-08-25T11:06:35","slug":"expozitii-temporare","status":"publish","type":"page","link":"https:\/\/teutsch.ro\/ro\/muzeu-patrimoniu\/expozitii-temporare\/","title":{"rendered":"Expozi\u0163ii temporare"},"content":{"rendered":"\n<h1 class=\"wp-block-heading\">Program expozi\u021bional variat<\/h1>\n\n\n\n<p>Casa Teutsch \u0219i Muzeul Bisericii Evanghelice C.A. organizeaz\u0103 expozi\u021bii proprii \u0219i, \u00een acela\u0219i timp, ofer\u0103 spa\u021biu pentru expozi\u021bii externe.&nbsp;<\/p>\n\n\n\n<div style=\"height:35px\" aria-hidden=\"true\" class=\"wp-block-spacer\"><\/div>\n\n\n\n<figure class=\"wp-block-image size-full\"><img loading=\"lazy\" decoding=\"async\" width=\"1100\" height=\"619\" src=\"https:\/\/teutsch.ro\/wp-content\/uploads\/2024\/08\/TH10-03-Kopie.jpg\" alt=\"\" class=\"wp-image-3097\" srcset=\"https:\/\/teutsch.ro\/wp-content\/uploads\/2024\/08\/TH10-03-Kopie.jpg 1100w, https:\/\/teutsch.ro\/wp-content\/uploads\/2024\/08\/TH10-03-Kopie-200x113.jpg 200w, https:\/\/teutsch.ro\/wp-content\/uploads\/2024\/08\/TH10-03-Kopie-665x374.jpg 665w, https:\/\/teutsch.ro\/wp-content\/uploads\/2024\/08\/TH10-03-Kopie-100x56.jpg 100w, https:\/\/teutsch.ro\/wp-content\/uploads\/2024\/08\/TH10-03-Kopie-768x432.jpg 768w, https:\/\/teutsch.ro\/wp-content\/uploads\/2024\/08\/TH10-03-Kopie-528x297.jpg 528w\" sizes=\"auto, (max-width: 1100px) 100vw, 1100px\" \/><\/figure>\n\n\n\n<div style=\"height:10px\" aria-hidden=\"true\" class=\"wp-block-spacer\"><\/div>\n\n\n\n<p><strong>Tematica expozi\u021biilor urmeaz\u0103 misiunea educa\u021bional\u0103 a Casei Teutsch \u015fi include:&nbsp;<\/strong><\/p>\n\n\n\n<ul class=\"wp-block-list\">\n<li>Istoria, arta \u0219i patrimoniul cultural al Bisericii Evanghelice A.B. din Rom\u00e2nia<\/li>\n\n\n\n<li>Istoria, arta \u015fi mo\u015ftenirea cultural\u0103 a sa\u015filor transilv\u0103neni<\/li>\n\n\n\n<li>Art\u0103 \u0219i cultur\u0103 regional\u0103 (Transilvania, Sibiu)<\/li>\n\n\n\n<li>Studii \u015fi subiecte regionale, despre societate, \u015fi de actualitate<\/li>\n<\/ul>\n\n\n\n<div class=\"wp-block-columns is-layout-flex wp-container-core-columns-is-layout-9d6595d7 wp-block-columns-is-layout-flex\">\n<div class=\"wp-block-column is-layout-flow wp-block-column-is-layout-flow\" style=\"flex-basis:66.66%\">\n<p><strong>Dori\u0163i ca expozi\u021bia dumneavoastr\u0103 s\u0103 fie prezentat\u0103 la Sibiu?&nbsp; V\u0103 rug\u0103m s\u0103 ne contacta\u021bi.<\/strong><\/p>\n\n\n\n<p>Dr. Gerhild Rudolf, director, <a href=\"tel: 0040721940345\">0040 721 940345<\/a>, <a href=\"mailto:casa.teutsch@gmail.com\">casa.teutsch@gmail.com<\/a><\/p>\n\n\n\n<p>Heidrun K\u00f6nig, coordonatoarea muzeului, <a href=\"tel: 0040731001364\">0040 731 001364<\/a>, <a href=\"mailto:teutsch.museum@gmail.com\">teutsch.museum@gmail.com<\/a>&nbsp;&nbsp;<\/p>\n<\/div>\n\n\n\n<div class=\"wp-block-column is-layout-flow wp-block-column-is-layout-flow\" style=\"flex-basis:33.33%\">\n<p><strong>\u00cen muzeu este permis\u0103 fotografierea f\u0103r\u0103 bli\u021b \u0219i trepied.<\/strong><\/p>\n\n\n\n<p>V\u0103 rug\u0103m s\u0103 trimite\u021bi un e-mail: <a href=\"mailto:teutsch.museum@gmail.com\">teutsch.museum@gmail.com<\/a><\/p>\n\n\n\n<p><\/p>\n<\/div>\n<\/div>\n\n\n\n<div style=\"height:10px\" aria-hidden=\"true\" class=\"wp-block-spacer\"><\/div>\n\n\n\n<h3 class=\"wp-block-heading\">Arhiva: Expozi\u0163ii speciale g\u0103zduite de Casa Teutsch 2006-2021<\/h3>\n\n\n\n<div style=\"height:40px\" aria-hidden=\"true\" class=\"wp-block-spacer\"><\/div>\n\n\n\n<h3 class=\"wp-block-heading\">2025<\/h3>\n\n\n\n<p><strong>PANORAMA TRANSILVANIA<\/strong>&nbsp;2005 \u2013 2025 \u2013 Stefan Jammer&nbsp;<\/p>\n\n\n\n<p>Ausstellung Fotografie \/ Expozi\u0163ie fotografic\u0103<\/p>\n\n\n\n<p>20.08.2025-30.11.2025<\/p>\n\n\n\n<p><\/p>\n\n\n\n<p>Barbara Niedermaier<\/p>\n\n\n\n<p><strong>Seelenlandschaften.<\/strong>&nbsp; Austellung&nbsp; Malerei und Graphik&nbsp; \/<\/p>\n\n\n\n<p><strong>Peisaje de suflet.<\/strong>&nbsp; Expozi\u0163ie&nbsp; Pictur\u0103 \u015fi grafic\u0103<\/p>\n\n\n\n<p>25.11.2024 \u2013 23.04.2025<\/p>\n\n\n\n<p><\/p>\n\n\n\n<p><\/p>\n\n\n\n<h3 class=\"wp-block-heading\"><strong>2024<\/strong><\/h3>\n\n\n\n<p><strong>Christus-Bilder in den evangelischen Kirchen Siebenb\u00fcrgens<\/strong><\/p>\n\n\n\n<p><strong>Imaginea lui Hristos \u00een bisericile evanghelice din Transilvania<\/strong><\/p>\n\n\n\n<p>Kuratorin: Heidrun K\u00f6nig&nbsp; \/ Curator: Heidrun K\u00f6nig&nbsp;<\/p>\n\n\n\n<p>16.05. \u2013 30.10.2024<\/p>\n\n\n\n<p><\/p>\n\n\n\n<p><\/p>\n\n\n\n<h3 class=\"wp-block-heading\"><strong>2023<\/strong><\/h3>\n\n\n\n<p><strong>ARS SACRA REDIVIVA \u2013 Kirchliche Kunst neu belebt.<\/strong><\/p>\n\n\n\n<p><strong>Aufwertung und Pflege kirchlicher Ausstattung<\/strong><\/p>\n\n\n\n<p>Kuratiert von Heidrun K\u00f6nig<\/p>\n\n\n\n<p>Ausstellungsdauer: 27.11.2023\u201319.04.2024<\/p>\n\n\n\n<p>\u00d6ffnungszeiten: Mo\u2013Fr, 10:00\u201317:00<\/p>\n\n\n\n<p><strong>\u201eMigrationsgrund Religionsfreiheit.&nbsp;<\/strong><\/p>\n\n\n\n<p><strong>Siebenb\u00fcrgische Pers\u00f6nlichkeiten aus dem 16.\u201320. Jahrhundert\u201d<\/strong><\/p>\n\n\n\n<p><strong>\/ \u201eLibertatea religioas\u0103 ca motiv al migra\u021biei.&nbsp;<\/strong><\/p>\n\n\n\n<p><strong>Personalit\u0103\u021bi ale Transilvaniei secolelor XVI\u2013XX\u201d<\/strong><\/p>\n\n\n\n<p>Sonderausstellung, konzipiert und kuratiert von Heidrun K\u00f6nig<\/p>\n\n\n\n<p>Projektverwaltung: Heidrun K\u00f6nig und Gerhild Rudolf<\/p>\n\n\n\n<p>Gef\u00f6rdert vom Land K\u00e4rnten und dem Konsulat der Bundesrepublik Deutschland in Hermannstadt<\/p>\n\n\n\n<p>Katalog: Heidrun K\u00f6nig, in Zusammenarbeit mit Stefan Jammer (DFDR)<\/p>\n\n\n\n<p>5.05.\u201330.10.2023<\/p>\n\n\n\n<p><\/p>\n\n\n\n<p><\/p>\n\n\n\n<h3 class=\"wp-block-heading\"><strong>2022<\/strong><\/h3>\n\n\n\n<p><strong>\u201eJosef Fischer. Fotografie\u201c<\/strong><\/p>\n\n\n\n<p><strong>Fotografie von Josef Fischer und Oskar Pastior sen.<\/strong><\/p>\n\n\n\n<p>Ausstellung historischer Fotografie, Neuauflage der Ausstellung&nbsp;<\/p>\n\n\n\n<p>\u201eJenseits des Verschwindens\u201c&nbsp;<\/p>\n\n\n\n<p>Teil des ZAEKR-Projektes \u201eErschlie\u00dfung und Pr\u00e4sentation des Gebr\u00fcder E. und J. Fischer-Ateliernachlasses\u201d&nbsp;<\/p>\n\n\n\n<p>Ausstellungskurator: Christian Lindhorst, Berlin<\/p>\n\n\n\n<p>Mitautor des Ausstellungskatalogs: Konrad Klein, Gauting<\/p>\n\n\n\n<p>11.11.2022\u201321.04.2023<\/p>\n\n\n\n<p><strong>\u201eDas Alltagsleben der Siebenb\u00fcrger Sachsen im 20. Jahrhundert.&nbsp;<\/strong><\/p>\n\n\n\n<p><strong>Fotos aus Familiensammlungen\u201c<\/strong><\/p>\n\n\n\n<p>Ausstellungskurator: Dr. Corneliu Pintilescu&nbsp;<\/p>\n\n\n\n<p>Kooperation mit DFDR und IKGS<\/p>\n\n\n\n<p>Freilicht-Wanderausstellung, betreut von Gerhild Rudolf und Hans-J\u00fcrgen Binder<\/p>\n\n\n\n<p>Mai\u2013Oktober 2022<\/p>\n\n\n\n<p><strong>\u201eFremd : vertraut. Hermannstadt : Kronstadt.&nbsp;<\/strong><\/p>\n\n\n\n<p><strong>Zwei St\u00e4dte in Siebenb\u00fcrgen\u201c<\/strong><\/p>\n\n\n\n<p>Fotografie von Prof. J\u00fcrgen van Buer<\/p>\n\n\n\n<p>Ausstellungskurator Josef Balazs, vor Ort unterst\u00fctzt von Heidrun K\u00f6nig<\/p>\n\n\n\n<p>Gef\u00f6rdert von Haus des Deutschen Ostens (HDO) M\u00fcnchen (Produktion , Transport) und vom Konsulat der Bundesrepublik Deutschland in Hermannstadt<\/p>\n\n\n\n<p>Projektverwaltung: Dr. Gerhild Rudolf<\/p>\n\n\n\n<p>5.05.\u201325.10.2022 &nbsp; (in Kronstadt 4.11.2022\u201320.01.2023)<\/p>\n\n\n\n<p>(Jan.\u2013 April 2022 Baustelle: neue Fenster im Terrassensaal)<\/p>\n\n\n\n<p><\/p>\n\n\n\n<p><\/p>\n\n\n\n<h3 class=\"wp-block-heading\">2021<\/h3>\n\n\n\n<p><strong>Brukenthal 300 \u2013 Idei pentru un monument.<\/strong><\/p>\n\n\n\n<p>Colaje \u0219i machete. Expozi\u021bie Peter Jacobi<\/p>\n\n\n\n<p>Curator arh. Heidrun K\u00f6nig<\/p>\n\n\n\n<p>22.04 &#8211; 5.10. 2021.<\/p>\n\n\n\n<h3 class=\"wp-block-heading\">&nbsp;<\/h3>\n\n\n\n<h3 class=\"wp-block-heading\">2020<\/h3>\n\n\n\n<p><strong>\u201ePANORAMA Hermannstadt Sibiu\u201c<\/strong><\/p>\n\n\n\n<p>Expozi\u021bie de fotografie&nbsp; Stefan Jammer<\/p>\n\n\n\n<p>Curator arh. Heidrun K\u00f6nig<\/p>\n\n\n\n<p>1.o7.2020 &#8211; 31.03.2021<\/p>\n\n\n\n<p><\/p>\n\n\n\n<div style=\"height:18px\" aria-hidden=\"true\" class=\"wp-block-spacer\"><\/div>\n\n\n\n<p><\/p>\n\n\n\n<h3 class=\"wp-block-heading\">2019<\/h3>\n\n\n\n<p><strong>&#8222;Alpha-Omega&#8221;<\/strong><\/p>\n\n\n\n<p>Expozi\u021bia de fotografie Fred Nuss<\/p>\n\n\n\n<p>11.11.2019 &#8211; 3.03.2020<\/p>\n\n\n\n<p>&nbsp;<\/p>\n\n\n\n<p><strong>\u201eSfin\u0163i incognito dup\u0103 Reform\u0103 \u2013 martori t\u0103cu\u0163i ai Harului\u201d<\/strong><\/p>\n\n\n\n<p>Expozi\u021bie special\u0103 a Muzeului Bisericii Evanghelice C.A. din Rom\u00e2nia<\/p>\n\n\n\n<p>Curator arh. Heidrun K\u00f6nig<\/p>\n\n\n\n<p>1.08 &#8211; 1.11.2019<\/p>\n\n\n\n<p>&nbsp;<\/p>\n\n\n\n<p><strong>\u201ePatria \u00een bucate. O expozi\u021bie despre tradi\u021biile culinare, identitatea \u0219i integrarea germanilor din Europa de Est\u201c<\/strong><\/p>\n\n\n\n<p>Expozi\u021bie itinerant\u0103 a HDO \/ Haus des Deutschen Ostens din M\u00fcnchen \u00een cooperare cu Casa Teutsch \u0219i Libr\u0103ria-cafenea Erasmus din Sibiu<\/p>\n\n\n\n<p>20.06-20.07.2019<\/p>\n\n\n\n<p>&nbsp;<\/p>\n\n\n\n<p><strong>\u201eStranele din Dupu\u0219 \u0219i restaurarea lor\u201c<\/strong><\/p>\n\n\n\n<p>Expozi\u021bie itinerant\u0103 a HAWK Hildesheim \u00een cooperare cu Funda\u021bia Biserici Fortificate \u0219i Biserica Evanghelic\u0103 C.A. din Rom\u00e2nia.<\/p>\n\n\n\n<p>1.04-15.06.2019<\/p>\n\n\n\n<p>&nbsp;<\/p>\n\n\n\n<h3 class=\"wp-block-heading\">2018<\/h3>\n\n\n\n<p><strong>\u201eCredin\u021ba fortificat\u0103. Cet\u0103\u021bile biserice\u0219ti ale sa\u0219ilor din Transilvania\u201c<\/strong><\/p>\n\n\n\n<p>Expozi\u021bia de fotografie prof. J\u00fcrgen van Buer<\/p>\n\n\n\n<p>Curator Josef Balazs<\/p>\n\n\n\n<p>15.11.2018-15.03.2019<\/p>\n\n\n\n<p>&nbsp;<\/p>\n\n\n\n<p><strong>\u201eHans Hermann \u2013 re\u00eent\u00e2lnire. Grafic\u0103 din \u0219ase decenii\u201c<\/strong><\/p>\n\n\n\n<p>Curator arh. Heidrun K\u00f6nig<\/p>\n\n\n\n<p>14.03.-28.07.2018<\/p>\n\n\n\n<p>&nbsp;<\/p>\n\n\n\n<h3 class=\"wp-block-heading\">2017<\/h3>\n\n\n\n<h3 class=\"wp-block-heading\">&nbsp;<\/h3>\n\n\n\n<p><strong>\u201eCREDO UNAM ESSE ECCLESIA \u2013 Medalii ale Reformei din colec\u0163ia Muzeului Na\u0163ional Brukenthal\u201d<\/strong>,<\/p>\n\n\n\n<p>expozi\u0163ie de medalii \u00een cooperare cu Muzeul Na\u0163ional Brukenthal.<\/p>\n\n\n\n<p>Curator arh. Heidrun K\u00f6nig<\/p>\n\n\n\n<p>14.12.2017-27.02.2018<\/p>\n\n\n\n<h3 class=\"wp-block-heading\">&nbsp;<\/h3>\n\n\n\n<p><strong>\u201eREFORMATIO TRANSILVANIAE 500 \u2013 Spa\u0163ii \u015fi simboluri ale sacrului sub inciden\u0163a Reformei\u201c, expozi\u0163ie special\u0103 \u00een cooperare cu \u201eSiebenb\u00fcrgisches Museum Gundelsheim\u201c.<\/strong><\/p>\n\n\n\n<p>Curator arh. Heidrun K\u00f6nig<\/p>\n\n\n\n<p>28.03.2017-10.11.2017<\/p>\n\n\n\n<p>&nbsp;<\/p>\n\n\n\n<h3 class=\"wp-block-heading\">2016<\/h3>\n\n\n\n<p>&nbsp;<\/p>\n\n\n\n<p><strong>\u201eReforma \u00een Europa de R\u0103s\u0103rit \u2013 Transilvania\u201c<\/strong>;<\/p>\n\n\n\n<p>Casa Teutsch &amp; Deutsches Kulturforum \u00f6stliches Europa, Potsdam &amp; Arhiva Bisericii Negre din Bra\u015fov<\/p>\n\n\n\n<p>Documente ale Reformei curatate de arh. Heidrun K\u00f6nig<\/p>\n\n\n\n<p>24.10.2016-10.03.2017<\/p>\n\n\n\n<p>&nbsp;<\/p>\n\n\n\n<p><strong>\u201eSecven\u0163e autumnale\u201c,<\/strong> expozi\u0163ie de art\u0103 fotografic\u0103 de Fred Nuss, Sibiu<\/p>\n\n\n\n<p>15.09.-15.10.2016<\/p>\n\n\n\n<p>&nbsp;<\/p>\n\n\n\n<p><strong>\u201eTranssylvania mythologica \u2013 Legende \u015fi proverbe s\u0103se\u015fti \u00een imagini\u201c<\/strong>,<\/p>\n\n\n\n<p>grafic\u0103 de Sieglinde Bottesch, Ingolstadt, din fondul Muzeului B.E.R.<\/p>\n\n\n\n<p>15.04.-19.07.2016<\/p>\n\n\n\n<p>&nbsp;<\/p>\n\n\n\n<p><strong>\u201eTrovan\u0163i din Transilvania. Sculpturi naturale\u201c, fotografii de G\u00fcnther Czernetzky \u015fi Karl Hann, Asocia\u0163ia MARTINUS, Sibiu<\/strong><\/p>\n\n\n\n<p>10.03-7.04.2016<\/p>\n\n\n\n<h3 class=\"wp-block-heading\">&nbsp;<\/h3>\n\n\n\n<h3 class=\"wp-block-heading\">2015<\/h3>\n\n\n\n<p>&nbsp;<\/p>\n\n\n\n<p><strong>\u201eUn drum c\u00e2t o sut\u0103 de vie\u0163i\u201c. Art\u0103 vizual\u0103 de Ren\u00e9e Renard, Timi\u015foara<\/strong><\/p>\n\n\n\n<p>12.10.2015-16.01.2016<\/p>\n\n\n\n<p>&nbsp;<\/p>\n\n\n\n<p><strong>\u201eHans Hermann \u2026 cunoscut, necunoscut\u201c. Pictur\u0103 din patrimoniul familiei Hermann, Sibiu<\/strong><\/p>\n\n\n\n<p>Expozi\u0163ie curatat\u0103 de Heidrun K\u00f6nig<\/p>\n\n\n\n<p>5.05.-18.07.2015.<\/p>\n\n\n\n<p>&nbsp;<\/p>\n\n\n\n<p><strong>\u201e\u00cengrijitorii bisericii \u2013 Eseu fotografic\u201c de Kilian M\u00fcller, M\u00fcnchen.<\/strong><\/p>\n\n\n\n<p>11.03-15.04.2015<\/p>\n\n\n\n<h3 class=\"wp-block-heading\">&nbsp;<\/h3>\n\n\n\n<h3 class=\"wp-block-heading\">2014<\/h3>\n\n\n\n<p>&nbsp;<\/p>\n\n\n\n<p><strong>\u201ePictorul Michael Barner \u2013 Din colec\u0163ia Muzeului de Istorie Valea H\u00e2rtibaciului din Agnita\u201c, \u00een cooperare cu HOG Agnetheln \u015fi Siebenb\u00fcrgisches Museum Gundelsheim.<\/strong><\/p>\n\n\n\n<p>Curator Gerhild Rudolf<\/p>\n\n\n\n<p>27.11.2014-27.02.2015<\/p>\n\n\n\n<p>&nbsp;<\/p>\n\n\n\n<p><strong>\u201eOamenii din cadrul serviciilor social-caritative\u201c,<\/strong><\/p>\n\n\n\n<p>fotografii de Martin Eichler, M\u00fcnchen.<\/p>\n\n\n\n<p>21.-25.10.2014<\/p>\n\n\n\n<p>&nbsp;<\/p>\n\n\n\n<p><strong>\u201e70 ani de la refugierea sa\u015filor din Transilvania de nord\u201c. Expozi\u0163ie itinerant\u0103, Biserica ev. Sf. Ioan.<\/strong><\/p>\n\n\n\n<p>3.08.2014<\/p>\n\n\n\n<p>&nbsp;<\/p>\n\n\n\n<p><strong>\u201ePatrie zidit\u0103. Arhitectul Fritz Balthes 1882-1914\u201c Planuri, desene, scrisori, publica\u0163ii originale. Fotografii de Stefan Jammer. Conceptul proiectului de Gerhild Rudolf.<\/strong><\/p>\n\n\n\n<p>Expozi\u0163ie \u015fi evenimente culturale.<\/p>\n\n\n\n<p>6.06-6.10.2014<\/p>\n\n\n\n<p>&nbsp;<\/p>\n\n\n\n<p><strong>\u201eTrude Schullerus. La 125 de ani de la na\u015fterea artistei\u201c, grafic\u0103, pictur\u0103 \u015fi obiecte de atelier.<\/strong><\/p>\n\n\n\n<p>Curatorul expozi\u0163iei: Elisabeth Binder.<\/p>\n\n\n\n<p>5.05-26.05.2014<\/p>\n\n\n\n<p>&nbsp;<\/p>\n\n\n\n<p><strong>\u201eCrucile de la marginea drumului\u201c, fotografii de Martin Eichler, M\u00fcnchen.<\/strong><\/p>\n\n\n\n<p>12.03-14.04.2014<\/p>\n\n\n\n<p>&nbsp;<\/p>\n\n\n\n<p><strong>\u201eMuzica \u015fi Biserica\u201c. Comori din arhiv\u0103, prezentate de Kurt Philippi, consilier cultural.<\/strong><\/p>\n\n\n\n<p>21.02-28.02.2014<\/p>\n\n\n\n<h3 class=\"wp-block-heading\">&nbsp;<\/h3>\n\n\n\n<h3 class=\"wp-block-heading\">2013<\/h3>\n\n\n\n<p>&nbsp;<\/p>\n\n\n\n<p><strong>\u201cManuscrise medievale din biblioteca parohial\u0103 Cisn\u0103die\u201d, expozi\u0163ie de carte veche.<\/strong><\/p>\n\n\n\n<p>Curator Gerhild Rudolf<\/p>\n\n\n\n<p>Ac\u0163iune cofinan\u0163at\u0103 de Consiliul Local Sibiu prin Prim\u0103ria \u015fi Casa de Cultur\u0103 a Municipiului Sibiu.<\/p>\n\n\n\n<p>4.11-12.12.2013<\/p>\n\n\n\n<p>&nbsp;<\/p>\n\n\n\n<p><strong>\u201cArtiste transilv\u0103nene.\u201d Pictur\u0103 \u015fi grafic\u0103 creat\u0103 de 25 de artiste transilv\u0103nene de origine german\u0103. Lucr\u0103ri din propriile fonduri, precum \u015fi \u00eemprumuturi.<\/strong><\/p>\n\n\n\n<p>Expozi\u0163ie curatat\u0103 de Elisabeth Binder.<\/p>\n\n\n\n<p>7.08-9.10.2013<\/p>\n\n\n\n<p>&nbsp;<\/p>\n\n\n\n<p><strong>\u201cLocuri literare \u2013 Literatura german\u0103 \u00een Europa de Sud-Est\u201d, fotografii ale unei echipe de la Universitatea din Cluj sub \u00eendrumarea profesorului Andr\u00e1s Balogh<\/strong><\/p>\n\n\n\n<p>17.05-21.06.2013<\/p>\n\n\n\n<p>&nbsp;<\/p>\n\n\n\n<p><strong>\u201cJoc de lumini \u015fi culoare\u201d- Fotografii de Dieter Moyrer<\/strong><\/p>\n\n\n\n<p>12.03-26.03.2013<\/p>\n\n\n\n<p>&nbsp;<\/p>\n\n\n\n<h3 class=\"wp-block-heading\">2012<\/h3>\n\n\n\n<p>&nbsp;<\/p>\n\n\n\n<p><strong>\u201eDincolo de dispari\u0163ie\u201c, expozi\u0163ie de fotografie istoric\u0103 curatat\u0103 de Christian Lindhorst. Parte a proiectului \u201eInventarierea \u015fi prezentarea l\u0103s\u0103m\u00e2ntului din atelierele fra\u0163ilor E. \u015fi J. Fischer\u201d realizat prin Arhiva Central\u0103 a Bisericii Evanghelice C.A. din Rom\u00e2nia cu sprijinul funda\u0163iei Edith-Haberland-Wagner-Stiftung, M\u00fcnchen.<\/strong><\/p>\n\n\n\n<p>10.11.2012-28.02.2013<\/p>\n\n\n\n<p>&nbsp;<\/p>\n\n\n\n<p><strong>\u201cPe urmele lui Hermann Hesse\u201d, expozi\u0163ie de art\u0103 fotografic\u0103 de Christel Wollmann-Fiedler, Berlin<\/strong><\/p>\n\n\n\n<p>8.10-26.10.2012<\/p>\n\n\n\n<h3 class=\"wp-block-heading\">&nbsp;<\/h3>\n\n\n\n<p><strong>\u201cBiblia, ancora credin\u0163ei\u201d, expozi\u0163ie de biblii din \u015fase secole. Arhiva Central\u0103 a Bisericii Evanghelice C.A. din Rom\u00e2nia. Curator Gerhild Rudolf<\/strong><\/p>\n\n\n\n<p>10.07-28.09.2012<\/p>\n\n\n\n<p>&nbsp;<\/p>\n\n\n\n<p><strong>Pictur\u0103 \u015fi grafic\u0103 de Adina Costea, Bucure\u015fti<\/strong><\/p>\n\n\n\n<p>27.04-28.06.2012<\/p>\n\n\n\n<p>&nbsp;<\/p>\n\n\n\n<p><strong>\u201e\u015ecoli sibiene \u00een secolul al IX-lea \u015fi al XX-lea\u201d. Proiect al elevilor (Brukenthal, \u015eaguna, Noica), prof. Ionu\u0163 Popa, Sibiu<\/strong><\/p>\n\n\n\n<p>2.04-6.04.2012<\/p>\n\n\n\n<p>&nbsp;<\/p>\n\n\n\n<h3 class=\"wp-block-heading\">2011<\/h3>\n\n\n\n<p>&nbsp;<\/p>\n\n\n\n<p><strong>\u201eStr\u0103inul apropiat\u201c, expozi\u0163ie fotografic\u0103 de Stephan Drube despre oamenii, via\u0163a \u015fi munca \u00een regiunile montane din Rom\u00e2nia<\/strong><\/p>\n\n\n\n<p>18.11.2011-11.03.2012<\/p>\n\n\n\n<p><\/p>\n\n\n\n<p><\/p>\n\n\n\n<p><strong>Portrete transilvane. Expozi\u0163ie de fotografie artistic\u0103 de Kristian Schuller, Paris<\/strong><\/p>\n\n\n\n<p>8.07-30.09.2011<\/p>\n\n\n\n<p>&nbsp;<\/p>\n\n\n\n<p><strong>Expozi\u0163ie de afi\u015fe electorale: \u201eProblema german\u0103 \u00een oglinda campaniilor electorale germane dintre 1949 \u015fi 1990\u201d. Institutul pentru rela\u0163ii externe, Stuttgart.<\/strong><\/p>\n\n\n\n<p>16.12.2010-24.01.2011<\/p>\n\n\n\n<h3 class=\"wp-block-heading\">&nbsp;<\/h3>\n\n\n\n<h3 class=\"wp-block-heading\">2010<\/h3>\n\n\n\n<p>&nbsp;<\/p>\n\n\n\n<p><strong>Atelier interna\u021bional de restaurare. Obiecte de art\u0103 din bisericile s\u0103se\u015fti din sudul Transilvaniei. FT Hildesheim, ULB Sibiu, CNM Astra Sibiu<\/strong><\/p>\n\n\n\n<p>aprilie-decembrie 2010<\/p>\n\n\n\n<p>&nbsp;<\/p>\n\n\n\n<h3 class=\"wp-block-heading\">2009<\/h3>\n\n\n\n<p>&nbsp;<\/p>\n\n\n\n<p><strong>\u201eA tr\u0103i \u00een spiritul adev\u0103rului. Din istoria rezisten\u0163ei \u015fi opozi\u0163iei \u00een secolul al XX-lea\u201d Cercul de la Kreisau. Academia Evanghelic\u0103 Transilvania<\/strong><\/p>\n\n\n\n<p>16.10-18.12.2009<\/p>\n\n\n\n<p>&nbsp;<\/p>\n\n\n\n<p><strong>\u201eStructuri cristaline. Imagini prin microscop\u201d. Fotografii de Alfred Schuster, Germania<\/strong><\/p>\n\n\n\n<p>2.09-9.10.2009<\/p>\n\n\n\n<p>&nbsp;<\/p>\n\n\n\n<p><strong>\u201eRaze de speran\u0163\u0103\u201c. Grafic\u0103 de Gundi Schmidt, Me\u00dfkirch<\/strong><\/p>\n\n\n\n<p>9.07-28.08.2009<\/p>\n\n\n\n<p>&nbsp;<\/p>\n\n\n\n<p><strong>\u201eDumnezeu \u2013 om \u2013 natur\u0103. Din atelierul unui pictor de biserici\u201c, Josef Stieger, Cristian<\/strong><\/p>\n\n\n\n<p>29.05-26.06.2009<\/p>\n\n\n\n<p>&nbsp;<\/p>\n\n\n\n<p><strong>\u201e60 de ani &lt;Allgemeine Deutsche Zeitung f\u00fcr Rum\u00e4nien&gt;\u201c<\/strong><\/p>\n\n\n\n<p>26.03-9.04.2009<\/p>\n\n\n\n<h3 class=\"wp-block-heading\">&nbsp;<\/h3>\n\n\n\n<h3 class=\"wp-block-heading\">2008<\/h3>\n\n\n\n<p>&nbsp;<\/p>\n\n\n\n<p><strong>\u201eVia\u0163a \u015fi activitatea lui Friedrich Teutsch ca \u00eenv\u0103\u0163\u0103tor, paroh, episcop \u015fi istoric\u201d<\/strong><\/p>\n\n\n\n<p>expozi\u0163ie elaborat\u0103 de Siebenb\u00fcrgisches Museum Gundelsheim<\/p>\n\n\n\n<p>27.06-18.07.2008<\/p>\n\n\n\n<p>&nbsp;<\/p>\n\n\n\n<p><strong>\u201eP\u0103pu\u015fi vestimentate \u00een porturi s\u0103se\u015fti\u201c, colec\u0163ia elaborat\u0103 de Edith Rothb\u00e4cher;<\/strong><\/p>\n\n\n\n<p>din 28.07.2008 \u00een expozi\u0163ia permanent\u0103<\/p>\n\n\n\n<p>&nbsp;<\/p>\n\n\n\n<p><strong>\u201eImagini \u015fi noti\u0163e de c\u0103l\u0103torie ale unei pictori\u0163e \u2013 Ruth Stoffregen (1921-1993)\u201c<\/strong><\/p>\n\n\n\n<p>4.04-30.05.2008<\/p>\n\n\n\n<p>&nbsp;<\/p>\n\n\n\n<p><strong>Pictur\u0103 de Rosemarie Binder, Boppard<\/strong><\/p>\n\n\n\n<p>7.03-28.03.2008<\/p>\n\n\n\n<h3 class=\"wp-block-heading\">&nbsp;<\/h3>\n\n\n\n<h3 class=\"wp-block-heading\">2007<\/h3>\n\n\n\n<p>&nbsp;<\/p>\n\n\n\n<p><strong>\u201eAcuarele de Friedrich Eberle\u201c<\/strong><\/p>\n\n\n\n<p>15.10-23.11.2007<\/p>\n\n\n\n<p>&nbsp;<\/p>\n\n\n\n<p><strong>\u201eOameni din Ca\u0163a\u201c. Fotografie de Kristian Schuller<\/strong><\/p>\n\n\n\n<p>13.08-26.08.2007<\/p>\n\n\n\n<p>&nbsp;<\/p>\n\n\n\n<p><strong>\u201eSpa\u0163iul sacral \u00een perspectiva timpului. Mobilier cultic \u015fi decor \u00een bisericile evanghelice din Transilvania\u201d, expozi\u0163ie preg\u0103tit\u0103 de \u201eSiebenb\u00fcrgisches Museum\u201c din Gundelsheim \u015fi Casa Teutsch<\/strong><\/p>\n\n\n\n<p>6.-27.07.2007<\/p>\n\n\n\n<p>&nbsp;<\/p>\n\n\n\n<p><strong>\u201eAura transsilvaniae. Sibiu\/Hermannstadt \u2013 Capitala cultural\u0103 european\u0103 2007\u201c.<\/strong><\/p>\n\n\n\n<p>Fotografii de Thomas T. M\u00fcller<\/p>\n\n\n\n<p>5.01.-9.02.2007<\/p>\n\n\n\n<h3 class=\"wp-block-heading\">&nbsp;<\/h3>\n\n\n\n<h3 class=\"wp-block-heading\">2006<\/h3>\n\n\n\n<p>&nbsp;<\/p>\n\n\n\n<p><strong>\u201eIstoria Sibiului\u201c grafic\u0103 de Stefan Orth<\/strong><\/p>\n\n\n\n<p>cu prezentarea de carte \u201eQui tempus habet, vitam habet\u201c<\/p>\n\n\n\n<p>29.09.-20.10.2006<\/p>\n\n\n\n<p>&nbsp;<\/p>\n\n\n\n<p><strong>\u201eDialog artistic dintre unchi \u015fi nepoat\u0103. Lucr\u0103ri ale lui Fritz \u015fi Trude Schullerus\u201d<\/strong><\/p>\n\n\n\n<p>februarie 2006, cu prezentare de carte.<\/p>\n","protected":false},"excerpt":{"rendered":"<p>Program expozi\u021bional variat Casa Teutsch \u0219i Muzeul Bisericii Evanghelice C.A. organizeaz\u0103 expozi\u021bii proprii \u0219i, \u00een acela\u0219i timp, ofer\u0103 spa\u021biu pentru expozi\u021bii externe.&nbsp; Tematica expozi\u021biilor urmeaz\u0103 misiunea educa\u021bional\u0103 a Casei Teutsch \u015fi include:&nbsp; Dori\u0163i ca expozi\u021bia dumneavoastr\u0103 s\u0103 fie prezentat\u0103 la Sibiu?&nbsp; V\u0103 rug\u0103m s\u0103 ne contacta\u021bi. Dr. Gerhild Rudolf, director, 0040 721 940345, casa.teutsch@gmail.com Heidrun [&hellip;]<\/p>\n","protected":false},"author":1,"featured_media":0,"parent":972,"menu_order":0,"comment_status":"closed","ping_status":"closed","template":"","meta":{"footnotes":""},"class_list":["post-1069","page","type-page","status-publish","czr-hentry"],"_links":{"self":[{"href":"https:\/\/teutsch.ro\/ro\/wp-json\/wp\/v2\/pages\/1069","targetHints":{"allow":["GET"]}}],"collection":[{"href":"https:\/\/teutsch.ro\/ro\/wp-json\/wp\/v2\/pages"}],"about":[{"href":"https:\/\/teutsch.ro\/ro\/wp-json\/wp\/v2\/types\/page"}],"author":[{"embeddable":true,"href":"https:\/\/teutsch.ro\/ro\/wp-json\/wp\/v2\/users\/1"}],"replies":[{"embeddable":true,"href":"https:\/\/teutsch.ro\/ro\/wp-json\/wp\/v2\/comments?post=1069"}],"version-history":[{"count":37,"href":"https:\/\/teutsch.ro\/ro\/wp-json\/wp\/v2\/pages\/1069\/revisions"}],"predecessor-version":[{"id":3555,"href":"https:\/\/teutsch.ro\/ro\/wp-json\/wp\/v2\/pages\/1069\/revisions\/3555"}],"up":[{"embeddable":true,"href":"https:\/\/teutsch.ro\/ro\/wp-json\/wp\/v2\/pages\/972"}],"wp:attachment":[{"href":"https:\/\/teutsch.ro\/ro\/wp-json\/wp\/v2\/media?parent=1069"}],"curies":[{"name":"wp","href":"https:\/\/api.w.org\/{rel}","templated":true}]}}