{"id":1050,"date":"2013-09-26T15:20:13","date_gmt":"2013-09-26T12:20:13","guid":{"rendered":"https:\/\/staging.teutsch.ro\/?page_id=1050"},"modified":"2024-08-13T14:21:00","modified_gmt":"2024-08-13T11:21:00","slug":"restaurari","status":"publish","type":"page","link":"https:\/\/teutsch.ro\/ro\/muzeu-patrimoniu\/restaurari\/","title":{"rendered":"Restaur\u0103ri"},"content":{"rendered":"\n<h3 class=\"wp-block-heading\">\u00cengrijirea colec\u021biilor<\/h3>\n\n\n\n<p>Coordonatoarea muzeului continu\u0103 inventarierea colec\u021biilor existente \u0219i a noilor intr\u0103ri. Lucr\u0103rile de conservare \u015fi restaurare a obiectelor din patrimoniu \u2013 deseori determinate de expozi\u021bii temporare \u2013 sunt gestionate prin parteneriate institu\u021bionale, cel mai important fiind cu Facultatea de \u0218tiin\u021be socio-umane \u0219i Patrimoniu a Universit\u0103\u021bii LB din Sibiu.&nbsp;<\/p>\n\n\n\n<div style=\"height:35px\" aria-hidden=\"true\" class=\"wp-block-spacer\"><\/div>\n\n\n\n<figure class=\"wp-block-image size-full\"><img loading=\"lazy\" decoding=\"async\" width=\"1100\" height=\"619\" src=\"https:\/\/teutsch.ro\/wp-content\/uploads\/2024\/08\/10.jpg\" alt=\"\" class=\"wp-image-3132\" srcset=\"https:\/\/teutsch.ro\/wp-content\/uploads\/2024\/08\/10.jpg 1100w, https:\/\/teutsch.ro\/wp-content\/uploads\/2024\/08\/10-200x113.jpg 200w, https:\/\/teutsch.ro\/wp-content\/uploads\/2024\/08\/10-665x374.jpg 665w, https:\/\/teutsch.ro\/wp-content\/uploads\/2024\/08\/10-100x56.jpg 100w, https:\/\/teutsch.ro\/wp-content\/uploads\/2024\/08\/10-768x432.jpg 768w, https:\/\/teutsch.ro\/wp-content\/uploads\/2024\/08\/10-528x297.jpg 528w\" sizes=\"auto, (max-width: 1100px) 100vw, 1100px\" \/><\/figure>\n\n\n\n<h3 class=\"wp-block-heading\">Cooperarea cu alte muzee<\/h3>\n\n\n\n<p>Pentru conservarea \u0219i prezentarea colec\u021biilor sale, Muzeul Bisericesc particip\u0103 la parteneriate cu marile complexe muzeale din Sibiu, ASTRA \u0219i Brukenthal, precum \u0219i la proiecte de cooperare.<\/p>\n\n\n\n<h3 class=\"wp-block-heading\">Stagiu de practic\u0103 \u00een activitatea de inventariere<\/h3>\n\n\n\n<p>Pentru activitatea de inventariere, muzeul apreciaz\u0103 aportul stagiarilor, care \u00een mod ideal sunt absolven\u021bi de studii legate de cultura material\u0103, \u0219i interesa\u021bi s\u0103 lucreze cu exponate istorice.<\/p>\n\n\n\n<p><strong>Activit\u0103\u021bile muzeului<\/strong><\/p>\n\n\n\n<ul class=\"wp-block-list\">\n<li>\u00centocmirea \u0219i cola\u021bionarea documenta\u021biei de inventariere<\/li>\n\n\n\n<li>Organizarea evalu\u0103rilor \u0219i mijlocirea interven\u0163iilor de restaurare<\/li>\n\n\n\n<li>Conceperea \u0219i dezvoltarea de expozi\u021bii proprii\u00a0<\/li>\n\n\n\n<li>\u00centocmirea documenta\u021biei de expozi\u021bie<\/li>\n\n\n\n<li>Suport administrativ pentru \u00eemprumuturi \u0219i interven\u0163ii de restaurare<\/li>\n\n\n\n<li>Tururi ghidate, rela\u021bii publice<\/li>\n\n\n\n<li>Serie de conferin\u021be, contribu\u021bii \u0219tiin\u021bifice\u00a0<\/li>\n\n\n\n<li>\u00cendrumarea stagiarilor \u0219i a studen\u021bilor<\/li>\n<\/ul>\n","protected":false},"excerpt":{"rendered":"<p>\u00cengrijirea colec\u021biilor Coordonatoarea muzeului continu\u0103 inventarierea colec\u021biilor existente \u0219i a noilor intr\u0103ri. Lucr\u0103rile de conservare \u015fi restaurare a obiectelor din patrimoniu \u2013 deseori determinate de expozi\u021bii temporare \u2013 sunt gestionate prin parteneriate institu\u021bionale, cel mai important fiind cu Facultatea de \u0218tiin\u021be socio-umane \u0219i Patrimoniu a Universit\u0103\u021bii LB din Sibiu.&nbsp; Cooperarea cu alte muzee Pentru conservarea [&hellip;]<\/p>\n","protected":false},"author":1,"featured_media":0,"parent":972,"menu_order":0,"comment_status":"closed","ping_status":"closed","template":"","meta":{"footnotes":""},"class_list":["post-1050","page","type-page","status-publish","czr-hentry"],"_links":{"self":[{"href":"https:\/\/teutsch.ro\/ro\/wp-json\/wp\/v2\/pages\/1050","targetHints":{"allow":["GET"]}}],"collection":[{"href":"https:\/\/teutsch.ro\/ro\/wp-json\/wp\/v2\/pages"}],"about":[{"href":"https:\/\/teutsch.ro\/ro\/wp-json\/wp\/v2\/types\/page"}],"author":[{"embeddable":true,"href":"https:\/\/teutsch.ro\/ro\/wp-json\/wp\/v2\/users\/1"}],"replies":[{"embeddable":true,"href":"https:\/\/teutsch.ro\/ro\/wp-json\/wp\/v2\/comments?post=1050"}],"version-history":[{"count":5,"href":"https:\/\/teutsch.ro\/ro\/wp-json\/wp\/v2\/pages\/1050\/revisions"}],"predecessor-version":[{"id":3223,"href":"https:\/\/teutsch.ro\/ro\/wp-json\/wp\/v2\/pages\/1050\/revisions\/3223"}],"up":[{"embeddable":true,"href":"https:\/\/teutsch.ro\/ro\/wp-json\/wp\/v2\/pages\/972"}],"wp:attachment":[{"href":"https:\/\/teutsch.ro\/ro\/wp-json\/wp\/v2\/media?parent=1050"}],"curies":[{"name":"wp","href":"https:\/\/api.w.org\/{rel}","templated":true}]}}