{"id":1048,"date":"2013-09-26T15:16:50","date_gmt":"2013-09-26T12:16:50","guid":{"rendered":"https:\/\/staging.teutsch.ro\/?page_id=1048"},"modified":"2024-08-13T14:14:13","modified_gmt":"2024-08-13T11:14:13","slug":"pedagogie-muzeala","status":"publish","type":"page","link":"https:\/\/teutsch.ro\/ro\/muzeu-patrimoniu\/pedagogie-muzeala\/","title":{"rendered":"Pedagogie muzeal\u0103"},"content":{"rendered":"\n<h3 class=\"wp-block-heading\">Ghidaje pentru copii \u0219i tineri<\/h3>\n\n\n\n<p>Unit\u0103\u021bile tematice pentru copii \u0219i tineri sunt anume concepute pentru a le extinde acestora cuno\u0219tin\u021bele despre istoria Transilvaniei, consider\u00e2nd-o \u0219i pe cea a sa\u0219ilor transilv\u0103neni \u0219i a bisericii lor. Sunt accentuate aspectele istorice care continu\u0103 s\u0103 modeleze cultura intelectual\u0103 \u0219i material\u0103 a societ\u0103\u021bii transilvane de ast\u0103zi.&nbsp;<\/p>\n\n\n\n<div style=\"height:35px\" aria-hidden=\"true\" class=\"wp-block-spacer\"><\/div>\n\n\n\n<figure class=\"wp-block-image size-full\"><img loading=\"lazy\" decoding=\"async\" width=\"1100\" height=\"619\" src=\"https:\/\/teutsch.ro\/wp-content\/uploads\/2024\/08\/TH-KJP.jpg\" alt=\"\" class=\"wp-image-3121\" srcset=\"https:\/\/teutsch.ro\/wp-content\/uploads\/2024\/08\/TH-KJP.jpg 1100w, https:\/\/teutsch.ro\/wp-content\/uploads\/2024\/08\/TH-KJP-200x113.jpg 200w, https:\/\/teutsch.ro\/wp-content\/uploads\/2024\/08\/TH-KJP-665x374.jpg 665w, https:\/\/teutsch.ro\/wp-content\/uploads\/2024\/08\/TH-KJP-100x56.jpg 100w, https:\/\/teutsch.ro\/wp-content\/uploads\/2024\/08\/TH-KJP-768x432.jpg 768w, https:\/\/teutsch.ro\/wp-content\/uploads\/2024\/08\/TH-KJP-528x297.jpg 528w\" sizes=\"auto, (max-width: 1100px) 100vw, 1100px\" \/><\/figure>\n\n\n\n<div style=\"height:10px\" aria-hidden=\"true\" class=\"wp-block-spacer\"><\/div>\n\n\n\n<p>Unit\u0103\u021bile didactice pot fi integrate \u00een programa \u0219colilor cu predare \u00een limba german\u0103, care abordeaz\u0103 \u0219i tema minorit\u0103\u021bii germane din Rom\u00e2nia.&nbsp;<\/p>\n\n\n\n<p>La vizitarea \u00eentregului muzeu, ghidajul ofer\u0103 o introducere general\u0103 \u00een istoria \u0219i cultura sa\u015filor transilv\u0103neni \u0219i a bisericii lor.&nbsp;&nbsp;<\/p>\n\n\n\n<p><strong>Pentru unit\u0103\u021bile de predare distincte (40 de minute), v\u0103 propunem urm\u0103toarele accente tematice:<\/strong><\/p>\n\n\n\n<ul class=\"wp-block-list\">\n<li>Istoria a\u0219ez\u0103rii sa\u015filor<\/li>\n\n\n\n<li>Cet\u0103\u0163i biserice\u015fti \u0219i biserici fortificate\u00a0<\/li>\n\n\n\n<li>Subiecte alese despre Reform\u0103 \u0219i epoca Principatului<\/li>\n\n\n\n<li>Via\u0163a bisericeasc\u0103 \u0219i comunitar\u0103, ilustrat\u0103 prin exponate<\/li>\n\n\n\n<li>Art\u0103 bisericeasc\u0103 \u0219i aspecte confesionale\u00a0\u00a0<\/li>\n\n\n\n<li>Subiecte op\u021bionale<\/li>\n<\/ul>\n\n\n\n<p>Pentru copii oferim tururi ghidate ale muzeului, pe baz\u0103 de programare. Pentru unele expozi\u021bii speciale preg\u0103tim \u015fi un program pentru copii.&nbsp;<\/p>\n\n\n\n<p><strong>Pentru informa\u021bii suplimentare, v\u0103 rug\u0103m s\u0103 ne contacta\u021bi:<\/strong><\/p>\n\n\n\n<p>Dr. Gerhild Rudolf, director al Casei Teutsch,  <a href=\"tel: 0040721940345\">0040 721 940345<\/a>, <a href=\"mailto:casa.teutsch@gmail.com\">casa.teutsch@gmail.com<\/a><\/p>\n\n\n\n<p>Heidrun K\u00f6nig, coordonatoarea muzeului, <a href=\"tel: 0040731001364\">0040 731 001364<\/a>, <a href=\"mailto:teutsch.museum@gmail.com\">teutsch.museum@gmail.com<\/a>\u00a0\u00a0<\/p>\n\n\n\n<p><\/p>\n","protected":false},"excerpt":{"rendered":"<p>Ghidaje pentru copii \u0219i tineri Unit\u0103\u021bile tematice pentru copii \u0219i tineri sunt anume concepute pentru a le extinde acestora cuno\u0219tin\u021bele despre istoria Transilvaniei, consider\u00e2nd-o \u0219i pe cea a sa\u0219ilor transilv\u0103neni \u0219i a bisericii lor. Sunt accentuate aspectele istorice care continu\u0103 s\u0103 modeleze cultura intelectual\u0103 \u0219i material\u0103 a societ\u0103\u021bii transilvane de ast\u0103zi.&nbsp; Unit\u0103\u021bile didactice pot fi [&hellip;]<\/p>\n","protected":false},"author":1,"featured_media":421,"parent":972,"menu_order":0,"comment_status":"closed","ping_status":"closed","template":"","meta":{"footnotes":""},"class_list":["post-1048","page","type-page","status-publish","has-post-thumbnail","czr-hentry"],"_links":{"self":[{"href":"https:\/\/teutsch.ro\/ro\/wp-json\/wp\/v2\/pages\/1048","targetHints":{"allow":["GET"]}}],"collection":[{"href":"https:\/\/teutsch.ro\/ro\/wp-json\/wp\/v2\/pages"}],"about":[{"href":"https:\/\/teutsch.ro\/ro\/wp-json\/wp\/v2\/types\/page"}],"author":[{"embeddable":true,"href":"https:\/\/teutsch.ro\/ro\/wp-json\/wp\/v2\/users\/1"}],"replies":[{"embeddable":true,"href":"https:\/\/teutsch.ro\/ro\/wp-json\/wp\/v2\/comments?post=1048"}],"version-history":[{"count":5,"href":"https:\/\/teutsch.ro\/ro\/wp-json\/wp\/v2\/pages\/1048\/revisions"}],"predecessor-version":[{"id":3217,"href":"https:\/\/teutsch.ro\/ro\/wp-json\/wp\/v2\/pages\/1048\/revisions\/3217"}],"up":[{"embeddable":true,"href":"https:\/\/teutsch.ro\/ro\/wp-json\/wp\/v2\/pages\/972"}],"wp:featuredmedia":[{"embeddable":true,"href":"https:\/\/teutsch.ro\/ro\/wp-json\/wp\/v2\/media\/421"}],"wp:attachment":[{"href":"https:\/\/teutsch.ro\/ro\/wp-json\/wp\/v2\/media?parent=1048"}],"curies":[{"name":"wp","href":"https:\/\/api.w.org\/{rel}","templated":true}]}}