{"id":1031,"date":"2013-09-26T14:40:31","date_gmt":"2013-09-26T11:40:31","guid":{"rendered":"https:\/\/staging.teutsch.ro\/?page_id=1031"},"modified":"2024-08-13T15:40:52","modified_gmt":"2024-08-13T12:40:52","slug":"fonduri","status":"publish","type":"page","link":"https:\/\/teutsch.ro\/ro\/arhiva-biblioteca\/fonduri\/","title":{"rendered":"Fonduri"},"content":{"rendered":"<h1>Arhivele comunit\u0103\u0163ilor \u015fi colec\u0163ii speciale<\/h1>\n<p>Actualmente sunt depozitate in Arhiva Central\u0103 281 de fonduri provenite din arhive parohiale, dintre care 225 sunt deja accesibile. De asemenea sunt arhivate proximativ 60 de l\u0103s\u0103minte (dona\u0163ii \u00een timpul vie\u0163ii sau postume) ale unor personalit\u0103\u0163i ale vie\u0163ii biserice\u015fti \u015fi ale minorit\u0103\u0163ii germane. Fondul arhivistic este completat de colec\u0163ii de picturi, desene, afi\u015fe, vederi, plan\u015fe, sigle, fotografii, filme, \u00eenregistr\u0103ri audio etc. Fondul ocup\u0103 \u00een jur de 2,7 km de raft \u015fi este accesibil cu ajutorul unor inventare, cataloage \u015fi baza de date. Ceva deosebit este Biblioteca Transilvanica de pe l\u00e2nga Arhiva Central\u0103 cuprinz\u00e2nd peste 20.000 volume.<\/p>\n<ul>\n<li>Registrele biserice\u015fti ale comunit\u0103\u0163ilor s\u0103se\u015fti din Transilvania<\/li>\n<\/ul>\n<ul>\n<li>Inventarele arhivelor parohiale<\/li>\n<\/ul>\n<h3>Cercetarea fondurilor prin internet<\/h3>\n<p>Fondurile noastre sunt \u2013 par\u0163ial \u2013 accesibile \u015fi prin internet. Arhiva noastr\u0103 face parte din mai multe re\u0163ele de arhive \u015fi poate fi g\u0103sit\u0103 prin unele portaluri de internet c\u00e2t \u015fi pe platforme de specialitate.<\/p>\n<p><strong>Arhiva virtual\u0103 \u201eMonasterium.Net\u201c<\/strong><\/p>\n<p><a href=\"https:\/\/monasterium.net\/mom\/RO-ZAEKR\/Urkunden\/fond\" target=\"_blank\" rel=\"noopener noreferrer\" data-saferedirecturl=\"https:\/\/www.google.com\/url?hl=de&amp;q=http:\/\/monasterium.net\/mom\/RO-ZAEKR\/Urkunden\/fond&amp;source=gmail&amp;ust=1526376306529000&amp;usg=AFQjCNHyMqi25iSvsljLcRnxW2TyaHk6xw\">monasterium.net\/mom\/RO-<wbr \/>ZAEKR\/Urkunden\/fond<\/a><\/p>\n<p><strong>Portalul registrelor biserice\u015fti\/Kirchenbuchportal<\/strong><\/p>\n<p><a title=\"Portalul registrelor bisericesti\" href=\"http:\/\/www.archion.de\" target=\"_blank\" rel=\"noopener\">www.archion.de<\/a><\/p>\n<p><strong>Biblioteca central\u0103 a Universit\u0103\u0163ii Lucian Blaga din Sibiu<\/strong><\/p>\n<p><a title=\"Biblioteca centrala a universitatii Lucian Blaga din Sibiu\" href=\"https:\/\/bcu.ulbsibiu.ro\/\" target=\"_blank\" rel=\"noopener\">www.bcu.ulbsibiu.ro<\/a><\/p>\n<p>&nbsp;<\/p>\n<p><iframe loading=\"lazy\" src=\"https:\/\/teutsch.ro\/TeutschHaus_Archiv_FindbcherderGemeindearchiv.html\" width=\"100%\" height=\"600\"><\/iframe><\/p>\n","protected":false},"excerpt":{"rendered":"<p>Arhivele comunit\u0103\u0163ilor \u015fi colec\u0163ii speciale Actualmente sunt depozitate in Arhiva Central\u0103 281 de fonduri provenite din arhive parohiale, dintre care 225 sunt deja accesibile. De asemenea sunt arhivate proximativ 60 de l\u0103s\u0103minte (dona\u0163ii \u00een timpul vie\u0163ii sau postume) ale unor personalit\u0103\u0163i ale vie\u0163ii biserice\u015fti \u015fi ale minorit\u0103\u0163ii germane. Fondul arhivistic este completat de colec\u0163ii de [&hellip;]<\/p>\n","protected":false},"author":1,"featured_media":114,"parent":968,"menu_order":0,"comment_status":"closed","ping_status":"closed","template":"","meta":{"footnotes":""},"class_list":["post-1031","page","type-page","status-publish","has-post-thumbnail","czr-hentry"],"_links":{"self":[{"href":"https:\/\/teutsch.ro\/ro\/wp-json\/wp\/v2\/pages\/1031","targetHints":{"allow":["GET"]}}],"collection":[{"href":"https:\/\/teutsch.ro\/ro\/wp-json\/wp\/v2\/pages"}],"about":[{"href":"https:\/\/teutsch.ro\/ro\/wp-json\/wp\/v2\/types\/page"}],"author":[{"embeddable":true,"href":"https:\/\/teutsch.ro\/ro\/wp-json\/wp\/v2\/users\/1"}],"replies":[{"embeddable":true,"href":"https:\/\/teutsch.ro\/ro\/wp-json\/wp\/v2\/comments?post=1031"}],"version-history":[{"count":15,"href":"https:\/\/teutsch.ro\/ro\/wp-json\/wp\/v2\/pages\/1031\/revisions"}],"predecessor-version":[{"id":3277,"href":"https:\/\/teutsch.ro\/ro\/wp-json\/wp\/v2\/pages\/1031\/revisions\/3277"}],"up":[{"embeddable":true,"href":"https:\/\/teutsch.ro\/ro\/wp-json\/wp\/v2\/pages\/968"}],"wp:featuredmedia":[{"embeddable":true,"href":"https:\/\/teutsch.ro\/ro\/wp-json\/wp\/v2\/media\/114"}],"wp:attachment":[{"href":"https:\/\/teutsch.ro\/ro\/wp-json\/wp\/v2\/media?parent=1031"}],"curies":[{"name":"wp","href":"https:\/\/api.w.org\/{rel}","templated":true}]}}